{"id":1248,"date":"2021-02-01T11:23:41","date_gmt":"2021-02-01T11:23:41","guid":{"rendered":"http:\/\/hotelartaza.com\/?page_id=1248"},"modified":"2021-03-01T11:56:05","modified_gmt":"2021-03-01T11:56:05","slug":"contacto","status":"publish","type":"page","link":"https:\/\/hotelartaza.com\/?page_id=1248","title":{"rendered":"Contacto"},"content":{"rendered":"<p>[et_pb_section fb_built=\u00bb1&#8243; admin_label=\u00bbReach Us Section\u00bb _builder_version=\u00bb3.22&#8243; background_color=\u00bb#efe9e4&#8243; custom_padding=\u00bb90px||90px|\u00bb][et_pb_row admin_label=\u00bbReach Us Area\u00bb _builder_version=\u00bb3.25&#8243;][et_pb_column type=\u00bb4_4&#8243; _builder_version=\u00bb3.25&#8243; custom_padding=\u00bb|||\u00bb custom_padding__hover=\u00bb|||\u00bb][et_pb_text admin_label=\u00bbDatos de contacto\u00bb _builder_version=\u00bb4.8.0&#8243; header_font=\u00bb||||||||\u00bb header_2_font=\u00bbPoppins|600|||||||\u00bb header_2_text_align=\u00bbcenter\u00bb header_2_font_size=\u00bb36px\u00bb max_width=\u00bb550px\u00bb module_alignment=\u00bbcenter\u00bb custom_margin=\u00bb||0px|\u00bb animation_style=\u00bbfade\u00bb]<\/p>\n<h2>Datos de contacto<\/h2>\n<p>[\/et_pb_text][et_pb_divider color=\u00bb#555555&#8243; divider_position=\u00bbcenter\u00bb divider_weight=\u00bb3px\u00bb _builder_version=\u00bb4.8.0&#8243; max_width=\u00bb50px\u00bb module_alignment=\u00bbcenter\u00bb custom_margin=\u00bb||20px|\u00bb animation_style=\u00bbslide\u00bb animation_direction=\u00bbtop\u00bb animation_intensity_slide=\u00bb10%\u00bb animation_starting_opacity=\u00bb100%\u00bb][\/et_pb_divider][et_pb_text _builder_version=\u00bb4.8.0&#8243; text_font=\u00bbPoppins||||||||\u00bb text_font_size=\u00bb18px\u00bb text_line_height=\u00bb1.8em\u00bb text_orientation=\u00bbcenter\u00bb max_width=\u00bb550px\u00bb module_alignment=\u00bbcenter\u00bb animation_style=\u00bbfade\u00bb]Puedes contactar con nosotros a trav\u00e9s de cualquiera de estos medios o el formulario m\u00e1s abajo[\/et_pb_text][\/et_pb_column][\/et_pb_row][et_pb_row column_structure=\u00bb1_3,1_3,1_3&#8243; make_equal=\u00bbon\u00bb _builder_version=\u00bb4.8.0&#8243;][et_pb_column type=\u00bb1_3&#8243; _builder_version=\u00bb4.8.0&#8243; background_color=\u00bb#FFFFFF\u00bb custom_padding=\u00bb|||\u00bb custom_padding__hover=\u00bb|||\u00bb][et_pb_blurb title=\u00bbDirecci\u00f3n\u00bb use_icon=\u00bbon\u00bb font_icon=\u00bb%%249%%\u00bb icon_color=\u00bb#555555&#8243; use_icon_font_size=\u00bbon\u00bb icon_font_size=\u00bb32px\u00bb admin_label=\u00bbEmail\u00bb _builder_version=\u00bb4.8.0&#8243; header_font=\u00bbPoppins|600|||||||\u00bb header_font_size=\u00bb24px\u00bb body_font=\u00bbPoppins||||||||\u00bb body_font_size=\u00bb18px\u00bb body_line_height=\u00bb1.8em\u00bb background_enable_color=\u00bboff\u00bb text_orientation=\u00bbcenter\u00bb custom_padding=\u00bb60px|30px|60px|30px\u00bb]Avda. Los Chopos 12, 48992, Getxo, Bizkaia[\/et_pb_blurb][\/et_pb_column][et_pb_column type=\u00bb1_3&#8243; _builder_version=\u00bb4.8.0&#8243; background_color=\u00bb#FFFFFF\u00bb custom_padding=\u00bb|||\u00bb custom_padding__hover=\u00bb|||\u00bb][et_pb_blurb title=\u00bbTel\u00e9fono\u00bb use_icon=\u00bbon\u00bb font_icon=\u00bb%%264%%\u00bb icon_color=\u00bb#555555&#8243; use_icon_font_size=\u00bbon\u00bb icon_font_size=\u00bb32px\u00bb admin_label=\u00bbEmail\u00bb _builder_version=\u00bb4.8.0&#8243; header_font=\u00bbPoppins|600|||||||\u00bb header_font_size=\u00bb24px\u00bb body_font=\u00bbPoppins||||||||\u00bb body_font_size=\u00bb18px\u00bb body_line_height=\u00bb1.8em\u00bb background_enable_color=\u00bboff\u00bb text_orientation=\u00bbcenter\u00bb custom_padding=\u00bb60px|30px|60px|30px\u00bb]<a href=\"tel:+34944912852\">+34944912852<\/a>[\/et_pb_blurb][\/et_pb_column][et_pb_column type=\u00bb1_3&#8243; _builder_version=\u00bb4.8.0&#8243; background_color=\u00bb#FFFFFF\u00bb custom_padding=\u00bb|||\u00bb custom_padding__hover=\u00bb|||\u00bb][et_pb_blurb title=\u00bbEmail\u00bb use_icon=\u00bbon\u00bb font_icon=\u00bb%%238%%\u00bb icon_color=\u00bb#555555&#8243; use_icon_font_size=\u00bbon\u00bb icon_font_size=\u00bb32px\u00bb admin_label=\u00bbEmail\u00bb _builder_version=\u00bb4.8.0&#8243; header_font=\u00bbPoppins|600|||||||\u00bb header_font_size=\u00bb24px\u00bb body_font=\u00bbPoppins||||||||\u00bb body_font_size=\u00bb18px\u00bb body_line_height=\u00bb1.8em\u00bb background_enable_color=\u00bboff\u00bb text_orientation=\u00bbcenter\u00bb custom_padding=\u00bb60px|30px|60px|30px\u00bb]<a href=\"mailto:hotelartaza@hotelartaza.com\">hotelartaza@hotelartaza.com<\/a>[\/et_pb_blurb][\/et_pb_column][\/et_pb_row][\/et_pb_section][et_pb_section fb_built=\u00bb1&#8243; fullwidth=\u00bbon\u00bb admin_label=\u00bbMap Section\u00bb _builder_version=\u00bb3.22&#8243;][et_pb_fullwidth_code _builder_version=\u00bb4.8.0&#8243; _module_preset=\u00bbdefault\u00bb]<iframe loading=\"lazy\" src=\"https:\/\/www.google.com\/maps\/embed?pb=!1m14!1m8!1m3!1d23215.512959478798!2d-3.002379!3d43.336463!3m2!1i1024!2i768!4f13.1!3m3!1m2!1s0x0%3A0x22ae8ed4fcfa9658!2sHotel%20Artaza!5e0!3m2!1sen!2suk!4v1611228926434!5m2!1sen!2suk\" width=\"100%\" height=\"450\" frameborder=\"0\" style=\"border:0;\" allowfullscreen=\"\" aria-hidden=\"false\" tabindex=\"0\"><\/iframe>[\/et_pb_fullwidth_code][\/et_pb_section][et_pb_section fb_built=\u00bb1&#8243; admin_label=\u00bbFormulario\u00bb module_id=\u00bbform\u00bb _builder_version=\u00bb4.8.0&#8243; background_color=\u00bb#1e1d1c\u00bb custom_padding=\u00bb90px||90px|\u00bb][et_pb_row admin_label=\u00bbFormulario\u00bb _builder_version=\u00bb4.8.0&#8243; custom_padding=\u00bb||10px|\u00bb][et_pb_column type=\u00bb4_4&#8243; _builder_version=\u00bb3.25&#8243; custom_padding=\u00bb|||\u00bb custom_padding__hover=\u00bb|||\u00bb][et_pb_text admin_label=\u00bbEstamos para ayudarte\u00bb _builder_version=\u00bb4.8.0&#8243; text_font=\u00bb||||||||\u00bb header_font=\u00bb||||||||\u00bb header_2_font=\u00bbPoppins|600|||||||\u00bb header_2_font_size=\u00bb36px\u00bb header_2_line_height=\u00bb1.2em\u00bb text_orientation=\u00bbcenter\u00bb background_layout=\u00bbdark\u00bb max_width=\u00bb550px\u00bb module_alignment=\u00bbcenter\u00bb custom_margin=\u00bb||0px|\u00bb animation_style=\u00bbfade\u00bb locked=\u00bboff\u00bb]<\/p>\n<h2>Estamos para ayudarte<\/h2>\n<p>[\/et_pb_text][et_pb_divider color=\u00bb#555555&#8243; divider_position=\u00bbcenter\u00bb divider_weight=\u00bb3px\u00bb _builder_version=\u00bb4.8.0&#8243; max_width=\u00bb50px\u00bb module_alignment=\u00bbcenter\u00bb custom_margin=\u00bb||20px|\u00bb animation_style=\u00bbslide\u00bb animation_intensity_slide=\u00bb10%\u00bb animation_starting_opacity=\u00bb100%\u00bb locked=\u00bboff\u00bb][\/et_pb_divider][et_pb_text _builder_version=\u00bb4.8.0&#8243; text_font=\u00bbPoppins||||||||\u00bb text_text_color=\u00bbrgba(255,255,255,0.68)\u00bb text_font_size=\u00bb18px\u00bb text_line_height=\u00bb1.8em\u00bb header_font=\u00bb||||||||\u00bb text_orientation=\u00bbcenter\u00bb max_width=\u00bb550px\u00bb module_alignment=\u00bbcenter\u00bb custom_margin=\u00bb|||\u00bb custom_padding=\u00bb|||\u00bb animation_style=\u00bbfade\u00bb locked=\u00bboff\u00bb]Rellena el siguiente formulario y nos pondremos en contacto contigo lo antes posible.[\/et_pb_text][\/et_pb_column][\/et_pb_row][et_pb_row admin_label=\u00bbFormulario\u00bb _builder_version=\u00bb4.8.0&#8243; custom_margin=\u00bb20px|||\u00bb][et_pb_column type=\u00bb4_4&#8243; _builder_version=\u00bb3.25&#8243; custom_padding=\u00bb|||\u00bb custom_padding__hover=\u00bb|||\u00bb][et_pb_contact_form captcha=\u00bboff\u00bb email=\u00bbhotelartaza@hotelartaza.com\u00bb success_message=\u00bbGracias por rellenar la informaci\u00f3n\u00bb module_id=\u00bbet_pb_contact_form_0&#8243; _builder_version=\u00bb4.8.0&#8243; title_font=\u00bb||||||||\u00bb form_field_font=\u00bbPoppins||||||||\u00bb form_field_font_size=\u00bb16px\u00bb custom_button=\u00bbon\u00bb button_text_size=\u00bb14px\u00bb button_text_color=\u00bb#ffffff\u00bb button_bg_color=\u00bb#555555&#8243; button_border_width=\u00bb8px\u00bb button_border_color=\u00bb#555555&#8243; button_border_radius=\u00bb0px\u00bb button_letter_spacing=\u00bb2px\u00bb button_font=\u00bbPoppins|600||on|||||\u00bb button_icon=\u00bb%%3%%\u00bb max_width=\u00bb750px\u00bb module_alignment=\u00bbcenter\u00bb animation_style=\u00bbfade\u00bb button_letter_spacing_hover=\u00bb2px\u00bb][et_pb_contact_field field_id=\u00bbNombre\u00bb field_title=\u00bbNombre\u00bb _builder_version=\u00bb4.8.0&#8243; button_text_size__hover_enabled=\u00bboff\u00bb button_one_text_size__hover_enabled=\u00bboff\u00bb button_two_text_size__hover_enabled=\u00bboff\u00bb button_text_color__hover_enabled=\u00bboff\u00bb button_one_text_color__hover_enabled=\u00bboff\u00bb button_two_text_color__hover_enabled=\u00bboff\u00bb button_border_width__hover_enabled=\u00bboff\u00bb button_one_border_width__hover_enabled=\u00bboff\u00bb button_two_border_width__hover_enabled=\u00bboff\u00bb button_border_color__hover_enabled=\u00bboff\u00bb button_one_border_color__hover_enabled=\u00bboff\u00bb button_two_border_color__hover_enabled=\u00bboff\u00bb button_border_radius__hover_enabled=\u00bboff\u00bb button_one_border_radius__hover_enabled=\u00bboff\u00bb button_two_border_radius__hover_enabled=\u00bboff\u00bb button_letter_spacing__hover_enabled=\u00bboff\u00bb button_one_letter_spacing__hover_enabled=\u00bboff\u00bb button_two_letter_spacing__hover_enabled=\u00bboff\u00bb button_bg_color__hover_enabled=\u00bboff\u00bb button_one_bg_color__hover_enabled=\u00bboff\u00bb button_two_bg_color__hover_enabled=\u00bboff\u00bb][\/et_pb_contact_field][et_pb_contact_field field_id=\u00bbApellido\u00bb field_title=\u00bbApellido\u00bb _builder_version=\u00bb4.8.0&#8243; button_text_size__hover_enabled=\u00bboff\u00bb button_one_text_size__hover_enabled=\u00bboff\u00bb button_two_text_size__hover_enabled=\u00bboff\u00bb button_text_color__hover_enabled=\u00bboff\u00bb button_one_text_color__hover_enabled=\u00bboff\u00bb button_two_text_color__hover_enabled=\u00bboff\u00bb button_border_width__hover_enabled=\u00bboff\u00bb button_one_border_width__hover_enabled=\u00bboff\u00bb button_two_border_width__hover_enabled=\u00bboff\u00bb button_border_color__hover_enabled=\u00bboff\u00bb button_one_border_color__hover_enabled=\u00bboff\u00bb button_two_border_color__hover_enabled=\u00bboff\u00bb button_border_radius__hover_enabled=\u00bboff\u00bb button_one_border_radius__hover_enabled=\u00bboff\u00bb button_two_border_radius__hover_enabled=\u00bboff\u00bb button_letter_spacing__hover_enabled=\u00bboff\u00bb button_one_letter_spacing__hover_enabled=\u00bboff\u00bb button_two_letter_spacing__hover_enabled=\u00bboff\u00bb button_bg_color__hover_enabled=\u00bboff\u00bb button_one_bg_color__hover_enabled=\u00bboff\u00bb button_two_bg_color__hover_enabled=\u00bboff\u00bb][\/et_pb_contact_field][et_pb_contact_field field_id=\u00bbEmail\u00bb field_title=\u00bbEmail\u00bb field_type=\u00bbemail\u00bb _builder_version=\u00bb4.8.0&#8243; button_text_size__hover_enabled=\u00bboff\u00bb button_one_text_size__hover_enabled=\u00bboff\u00bb button_two_text_size__hover_enabled=\u00bboff\u00bb button_text_color__hover_enabled=\u00bboff\u00bb button_one_text_color__hover_enabled=\u00bboff\u00bb button_two_text_color__hover_enabled=\u00bboff\u00bb button_border_width__hover_enabled=\u00bboff\u00bb button_one_border_width__hover_enabled=\u00bboff\u00bb button_two_border_width__hover_enabled=\u00bboff\u00bb button_border_color__hover_enabled=\u00bboff\u00bb button_one_border_color__hover_enabled=\u00bboff\u00bb button_two_border_color__hover_enabled=\u00bboff\u00bb button_border_radius__hover_enabled=\u00bboff\u00bb button_one_border_radius__hover_enabled=\u00bboff\u00bb button_two_border_radius__hover_enabled=\u00bboff\u00bb button_letter_spacing__hover_enabled=\u00bboff\u00bb button_one_letter_spacing__hover_enabled=\u00bboff\u00bb button_two_letter_spacing__hover_enabled=\u00bboff\u00bb button_bg_color__hover_enabled=\u00bboff\u00bb button_one_bg_color__hover_enabled=\u00bboff\u00bb button_two_bg_color__hover_enabled=\u00bboff\u00bb][\/et_pb_contact_field][et_pb_contact_field field_id=\u00bbDepartamento\u00bb field_title=\u00bbDepartamento\u00bb field_type=\u00bbselect\u00bb select_options=\u00bb%91{%22value%22:%22Hotel%22,%22checked%22:0,%22dragID%22:-1},{%22value%22:%22Restaurante%22,%22checked%22:0,%22dragID%22:0},{%22value%22:%22Bodas%22,%22checked%22:0,%22dragID%22:1},{%22value%22:%22Comuniones%22,%22checked%22:0,%22dragID%22:2},{%22value%22:%22Otros%22,%22checked%22:0,%22dragID%22:3}%93&#8243; _builder_version=\u00bb4.8.0&#8243; button_text_size__hover_enabled=\u00bboff\u00bb button_one_text_size__hover_enabled=\u00bboff\u00bb button_two_text_size__hover_enabled=\u00bboff\u00bb button_text_color__hover_enabled=\u00bboff\u00bb button_one_text_color__hover_enabled=\u00bboff\u00bb button_two_text_color__hover_enabled=\u00bboff\u00bb button_border_width__hover_enabled=\u00bboff\u00bb button_one_border_width__hover_enabled=\u00bboff\u00bb button_two_border_width__hover_enabled=\u00bboff\u00bb button_border_color__hover_enabled=\u00bboff\u00bb button_one_border_color__hover_enabled=\u00bboff\u00bb button_two_border_color__hover_enabled=\u00bboff\u00bb button_border_radius__hover_enabled=\u00bboff\u00bb button_one_border_radius__hover_enabled=\u00bboff\u00bb button_two_border_radius__hover_enabled=\u00bboff\u00bb button_letter_spacing__hover_enabled=\u00bboff\u00bb button_one_letter_spacing__hover_enabled=\u00bboff\u00bb button_two_letter_spacing__hover_enabled=\u00bboff\u00bb button_bg_color__hover_enabled=\u00bboff\u00bb button_one_bg_color__hover_enabled=\u00bboff\u00bb button_two_bg_color__hover_enabled=\u00bboff\u00bb][\/et_pb_contact_field][et_pb_contact_field field_id=\u00bbMensaje\u00bb field_title=\u00bbMensaje\u00bb field_type=\u00bbtext\u00bb fullwidth_field=\u00bbon\u00bb _builder_version=\u00bb4.8.0&#8243; button_text_size__hover_enabled=\u00bboff\u00bb button_one_text_size__hover_enabled=\u00bboff\u00bb button_two_text_size__hover_enabled=\u00bboff\u00bb button_text_color__hover_enabled=\u00bboff\u00bb button_one_text_color__hover_enabled=\u00bboff\u00bb button_two_text_color__hover_enabled=\u00bboff\u00bb button_border_width__hover_enabled=\u00bboff\u00bb button_one_border_width__hover_enabled=\u00bboff\u00bb button_two_border_width__hover_enabled=\u00bboff\u00bb button_border_color__hover_enabled=\u00bboff\u00bb button_one_border_color__hover_enabled=\u00bboff\u00bb button_two_border_color__hover_enabled=\u00bboff\u00bb button_border_radius__hover_enabled=\u00bboff\u00bb button_one_border_radius__hover_enabled=\u00bboff\u00bb button_two_border_radius__hover_enabled=\u00bboff\u00bb button_letter_spacing__hover_enabled=\u00bboff\u00bb button_one_letter_spacing__hover_enabled=\u00bboff\u00bb button_two_letter_spacing__hover_enabled=\u00bboff\u00bb button_bg_color__hover_enabled=\u00bboff\u00bb button_one_bg_color__hover_enabled=\u00bboff\u00bb button_two_bg_color__hover_enabled=\u00bboff\u00bb][\/et_pb_contact_field][et_pb_contact_field field_id=\u00bbPol\u00edtica_de_privacidad\u00bb field_title=\u00bbPol\u00edtica de privacidad\u00bb field_type=\u00bbcheckbox\u00bb checkbox_options=\u00bb%91{%22value%22:%22Aceptar Pol\u00edtica de Privacidad%22,%22checked%22:0,%22dragID%22:-1}%93&#8243; fullwidth_field=\u00bbon\u00bb _builder_version=\u00bb4.8.0&#8243; _module_preset=\u00bbdefault\u00bb form_field_text_color=\u00bb#9e9494&#8243; form_field_focus_background_color=\u00bb#FFFFFF\u00bb form_field_focus_text_color=\u00bb#9e9494&#8243; background_enable_color=\u00bboff\u00bb][\/et_pb_contact_field][\/et_pb_contact_form][et_pb_text _builder_version=\u00bb4.8.0&#8243; _module_preset=\u00bbdefault\u00bb text_font_size=\u00bb12px\u00bb text_orientation=\u00bbcenter\u00bb background_layout=\u00bbdark\u00bb max_width=\u00bb750px\u00bb module_alignment=\u00bbcenter\u00bb]<\/p>\n<p>\u00a0OKINLUR, S.L. es el responsable del tratamiento de los datos personales proporcionados bajo su consentimiento y le informa de que estos datos ser\u00e1n tratados de conformidad con lo dispuesto en el Reglamento (UE)206\/679, del 27 de abril(GDPR), y la Ley Org\u00e1nica3\/2018, de 5 de dicembre (LOPDGDD), con la finalidad de mantener una relaci\u00f3n comercial(por inter\u00e9s del responsable, art.6.1.f GDPR) Y CONSERVARLOS durante no m\u00e1s tiempo del necesario para mantener el fin del tratamiento mientras existan prescripciones legales que dictaminen su custodia.No se comunicar\u00e1n los datos a terceros, salvo obligaci\u00f3n legal. Asimismo, se le informa de que puede ejercer los derechos de acceso, rectificaci\u00f3n, portabilidad y supresi\u00f3n de sus datos y los de limitaci\u00f3n y oposici\u00f3n a su tratamiento, dirigi\u00e9ndose a OKINLUR, S.L. en AVENIDA DE LOS CHOPOS N\u00ba12-48992 GETXO(Bizkaia).Email: hotelartaza@hotelartaza.com y el de reclamaci\u00f3n a www.aepd.es<\/p>\n<p>[\/et_pb_text][\/et_pb_column][\/et_pb_row][\/et_pb_section]<\/p>\n","protected":false},"excerpt":{"rendered":"<p>Datos de contactoPuedes contactar con nosotros a trav\u00e9s de cualquiera de estos medios o el formulario m\u00e1s abajoAvda. Los Chopos 12, 48992, Getxo, Bizkaia+34944912852hotelartaza@hotelartaza.comEstamos para ayudarteRellena el siguiente formulario y nos pondremos en contacto contigo lo antes posible.\u00a0OKINLUR, S.L. es el responsable del tratamiento de los datos personales proporcionados bajo su consentimiento y le informa [&hellip;]<\/p>\n","protected":false},"author":1,"featured_media":0,"parent":0,"menu_order":0,"comment_status":"closed","ping_status":"closed","template":"","meta":{"_et_pb_use_builder":"on","_et_pb_old_content":"","_et_gb_content_width":"","footnotes":""},"class_list":["post-1248","page","type-page","status-publish","hentry"],"yoast_head":"<!-- This site is optimized with the Yoast SEO plugin v24.0 - https:\/\/yoast.com\/wordpress\/plugins\/seo\/ -->\n<title>Contacto - Hotel Artaza<\/title>\n<meta name=\"robots\" content=\"index, follow, max-snippet:-1, max-image-preview:large, max-video-preview:-1\" \/>\n<link rel=\"canonical\" href=\"https:\/\/hotelartaza.com\/?page_id=1248\" \/>\n<meta property=\"og:locale\" content=\"es_ES\" \/>\n<meta property=\"og:type\" content=\"article\" \/>\n<meta property=\"og:title\" content=\"Contacto - Hotel Artaza\" \/>\n<meta property=\"og:description\" content=\"Datos de contactoPuedes contactar con nosotros a trav\u00e9s de cualquiera de estos medios o el formulario m\u00e1s abajoAvda. Los Chopos 12, 48992, Getxo, Bizkaia+34944912852hotelartaza@hotelartaza.comEstamos para ayudarteRellena el siguiente formulario y nos pondremos en contacto contigo lo antes posible.\u00a0OKINLUR, S.L. es el responsable del tratamiento de los datos personales proporcionados bajo su consentimiento y le informa [&hellip;]\" \/>\n<meta property=\"og:url\" content=\"https:\/\/hotelartaza.com\/?page_id=1248\" \/>\n<meta property=\"og:site_name\" content=\"Hotel Artaza\" \/>\n<meta property=\"article:publisher\" content=\"https:\/\/www.facebook.com\/HotelArtaza\/\" \/>\n<meta property=\"article:modified_time\" content=\"2021-03-01T11:56:05+00:00\" \/>\n<meta name=\"twitter:card\" content=\"summary_large_image\" \/>\n<meta name=\"twitter:site\" content=\"@hotelartaza\" \/>\n<meta name=\"twitter:label1\" content=\"Tiempo de lectura\" \/>\n\t<meta name=\"twitter:data1\" content=\"9 minutos\" \/>\n<script type=\"application\/ld+json\" class=\"yoast-schema-graph\">{\"@context\":\"https:\/\/schema.org\",\"@graph\":[{\"@type\":\"WebPage\",\"@id\":\"https:\/\/hotelartaza.com\/?page_id=1248\",\"url\":\"https:\/\/hotelartaza.com\/?page_id=1248\",\"name\":\"Contacto - Hotel Artaza\",\"isPartOf\":{\"@id\":\"https:\/\/hotelartaza.com\/#website\"},\"datePublished\":\"2021-02-01T11:23:41+00:00\",\"dateModified\":\"2021-03-01T11:56:05+00:00\",\"breadcrumb\":{\"@id\":\"https:\/\/hotelartaza.com\/?page_id=1248#breadcrumb\"},\"inLanguage\":\"es\",\"potentialAction\":[{\"@type\":\"ReadAction\",\"target\":[\"https:\/\/hotelartaza.com\/?page_id=1248\"]}]},{\"@type\":\"BreadcrumbList\",\"@id\":\"https:\/\/hotelartaza.com\/?page_id=1248#breadcrumb\",\"itemListElement\":[{\"@type\":\"ListItem\",\"position\":1,\"name\":\"Portada\",\"item\":\"https:\/\/hotelartaza.com\/\"},{\"@type\":\"ListItem\",\"position\":2,\"name\":\"Contacto\"}]},{\"@type\":\"WebSite\",\"@id\":\"https:\/\/hotelartaza.com\/#website\",\"url\":\"https:\/\/hotelartaza.com\/\",\"name\":\"Hotel Artaza\",\"description\":\"Hotel Villa hist\u00f3rica en Getxo\",\"publisher\":{\"@id\":\"https:\/\/hotelartaza.com\/#organization\"},\"potentialAction\":[{\"@type\":\"SearchAction\",\"target\":{\"@type\":\"EntryPoint\",\"urlTemplate\":\"https:\/\/hotelartaza.com\/?s={search_term_string}\"},\"query-input\":{\"@type\":\"PropertyValueSpecification\",\"valueRequired\":true,\"valueName\":\"search_term_string\"}}],\"inLanguage\":\"es\"},{\"@type\":\"Organization\",\"@id\":\"https:\/\/hotelartaza.com\/#organization\",\"name\":\"Hotel Artaza\",\"url\":\"https:\/\/hotelartaza.com\/\",\"logo\":{\"@type\":\"ImageObject\",\"inLanguage\":\"es\",\"@id\":\"https:\/\/hotelartaza.com\/#\/schema\/logo\/image\/\",\"url\":\"https:\/\/hotelartaza.com\/wp-content\/uploads\/2021\/02\/logo-artaza-stroke-1.png\",\"contentUrl\":\"https:\/\/hotelartaza.com\/wp-content\/uploads\/2021\/02\/logo-artaza-stroke-1.png\",\"width\":186,\"height\":150,\"caption\":\"Hotel Artaza\"},\"image\":{\"@id\":\"https:\/\/hotelartaza.com\/#\/schema\/logo\/image\/\"},\"sameAs\":[\"https:\/\/www.facebook.com\/HotelArtaza\/\",\"https:\/\/x.com\/hotelartaza\",\"https:\/\/www.instagram.com\/artazahotel\/?hl=en\"]}]}<\/script>\n<!-- \/ Yoast SEO plugin. -->","yoast_head_json":{"title":"Contacto - Hotel Artaza","robots":{"index":"index","follow":"follow","max-snippet":"max-snippet:-1","max-image-preview":"max-image-preview:large","max-video-preview":"max-video-preview:-1"},"canonical":"https:\/\/hotelartaza.com\/?page_id=1248","og_locale":"es_ES","og_type":"article","og_title":"Contacto - Hotel Artaza","og_description":"Datos de contactoPuedes contactar con nosotros a trav\u00e9s de cualquiera de estos medios o el formulario m\u00e1s abajoAvda. Los Chopos 12, 48992, Getxo, Bizkaia+34944912852hotelartaza@hotelartaza.comEstamos para ayudarteRellena el siguiente formulario y nos pondremos en contacto contigo lo antes posible.\u00a0OKINLUR, S.L. es el responsable del tratamiento de los datos personales proporcionados bajo su consentimiento y le informa [&hellip;]","og_url":"https:\/\/hotelartaza.com\/?page_id=1248","og_site_name":"Hotel Artaza","article_publisher":"https:\/\/www.facebook.com\/HotelArtaza\/","article_modified_time":"2021-03-01T11:56:05+00:00","twitter_card":"summary_large_image","twitter_site":"@hotelartaza","twitter_misc":{"Tiempo de lectura":"9 minutos"},"schema":{"@context":"https:\/\/schema.org","@graph":[{"@type":"WebPage","@id":"https:\/\/hotelartaza.com\/?page_id=1248","url":"https:\/\/hotelartaza.com\/?page_id=1248","name":"Contacto - Hotel Artaza","isPartOf":{"@id":"https:\/\/hotelartaza.com\/#website"},"datePublished":"2021-02-01T11:23:41+00:00","dateModified":"2021-03-01T11:56:05+00:00","breadcrumb":{"@id":"https:\/\/hotelartaza.com\/?page_id=1248#breadcrumb"},"inLanguage":"es","potentialAction":[{"@type":"ReadAction","target":["https:\/\/hotelartaza.com\/?page_id=1248"]}]},{"@type":"BreadcrumbList","@id":"https:\/\/hotelartaza.com\/?page_id=1248#breadcrumb","itemListElement":[{"@type":"ListItem","position":1,"name":"Portada","item":"https:\/\/hotelartaza.com\/"},{"@type":"ListItem","position":2,"name":"Contacto"}]},{"@type":"WebSite","@id":"https:\/\/hotelartaza.com\/#website","url":"https:\/\/hotelartaza.com\/","name":"Hotel Artaza","description":"Hotel Villa hist\u00f3rica en Getxo","publisher":{"@id":"https:\/\/hotelartaza.com\/#organization"},"potentialAction":[{"@type":"SearchAction","target":{"@type":"EntryPoint","urlTemplate":"https:\/\/hotelartaza.com\/?s={search_term_string}"},"query-input":{"@type":"PropertyValueSpecification","valueRequired":true,"valueName":"search_term_string"}}],"inLanguage":"es"},{"@type":"Organization","@id":"https:\/\/hotelartaza.com\/#organization","name":"Hotel Artaza","url":"https:\/\/hotelartaza.com\/","logo":{"@type":"ImageObject","inLanguage":"es","@id":"https:\/\/hotelartaza.com\/#\/schema\/logo\/image\/","url":"https:\/\/hotelartaza.com\/wp-content\/uploads\/2021\/02\/logo-artaza-stroke-1.png","contentUrl":"https:\/\/hotelartaza.com\/wp-content\/uploads\/2021\/02\/logo-artaza-stroke-1.png","width":186,"height":150,"caption":"Hotel Artaza"},"image":{"@id":"https:\/\/hotelartaza.com\/#\/schema\/logo\/image\/"},"sameAs":["https:\/\/www.facebook.com\/HotelArtaza\/","https:\/\/x.com\/hotelartaza","https:\/\/www.instagram.com\/artazahotel\/?hl=en"]}]}},"_links":{"self":[{"href":"https:\/\/hotelartaza.com\/index.php?rest_route=\/wp\/v2\/pages\/1248","targetHints":{"allow":["GET"]}}],"collection":[{"href":"https:\/\/hotelartaza.com\/index.php?rest_route=\/wp\/v2\/pages"}],"about":[{"href":"https:\/\/hotelartaza.com\/index.php?rest_route=\/wp\/v2\/types\/page"}],"author":[{"embeddable":true,"href":"https:\/\/hotelartaza.com\/index.php?rest_route=\/wp\/v2\/users\/1"}],"replies":[{"embeddable":true,"href":"https:\/\/hotelartaza.com\/index.php?rest_route=%2Fwp%2Fv2%2Fcomments&post=1248"}],"version-history":[{"count":37,"href":"https:\/\/hotelartaza.com\/index.php?rest_route=\/wp\/v2\/pages\/1248\/revisions"}],"predecessor-version":[{"id":1816,"href":"https:\/\/hotelartaza.com\/index.php?rest_route=\/wp\/v2\/pages\/1248\/revisions\/1816"}],"wp:attachment":[{"href":"https:\/\/hotelartaza.com\/index.php?rest_route=%2Fwp%2Fv2%2Fmedia&parent=1248"}],"curies":[{"name":"wp","href":"https:\/\/api.w.org\/{rel}","templated":true}]}}