{"id":1343,"date":"2021-02-03T11:30:29","date_gmt":"2021-02-03T11:30:29","guid":{"rendered":"http:\/\/hotelartaza.com\/?page_id=1343"},"modified":"2021-02-22T09:10:39","modified_gmt":"2021-02-22T09:10:39","slug":"cookies","status":"publish","type":"page","link":"https:\/\/hotelartaza.com\/?page_id=1343","title":{"rendered":"Cookies"},"content":{"rendered":"<p>[et_pb_section fb_built=\u00bb1&#8243; _builder_version=\u00bb3.22&#8243;][et_pb_row _builder_version=\u00bb3.25&#8243; background_size=\u00bbinitial\u00bb background_position=\u00bbtop_left\u00bb background_repeat=\u00bbrepeat\u00bb][et_pb_column type=\u00bb4_4&#8243; _builder_version=\u00bb3.25&#8243; custom_padding=\u00bb|||\u00bb custom_padding__hover=\u00bb|||\u00bb][et_pb_text _builder_version=\u00bb4.8.0&#8243; background_size=\u00bbinitial\u00bb background_position=\u00bbtop_left\u00bb background_repeat=\u00bbrepeat\u00bb hover_enabled=\u00bb0&#8243; sticky_enabled=\u00bb0&#8243;]<\/p>\n<h2>Pol\u00edtica de Cookies<\/h2>\n<p><strong>INFORMACI\u00d3N SOBRE COOKIES<\/strong><br \/> Debido a la entrada en vigor de la referente modificaci\u00f3n de la \u00abLey de Servicios de la Sociedad de la Informaci\u00f3n\u00bb (LSSICE) establecida por el Real Decreto 13\/2012, es de obligaci\u00f3n obtener el consentimiento expreso del usuario de todas las p\u00e1ginas web que usan cookies prescindibles, antes de que este navegue por ellas.<\/p>\n<p><strong>\u00bfQU\u00c9 SON LAS COOKIES?<\/strong><br \/> Las cookies y otras tecnolog\u00edas similares tales como local shared objects, flashcookies o p\u00edxeles, son herramientas empleadas por los servidores Web para almacenar y recuperar informaci\u00f3n acerca de sus visitantes, as\u00ed como para ofrecer un correcto funcionamiento del sitio.<br \/> Mediante el uso de estos dispositivos se permite al servidor Web recordar algunos datos concernientes al usuario, como sus preferencias para la visualizaci\u00f3n de las p\u00e1ginas de ese servidor, nombre y contrase\u00f1a, productos que m\u00e1s le interesan, etc.<\/p>\n<p><strong>COOKIES AFECTADAS POR LA NORMATIVA Y COOKIES EXCEPTUADAS<\/strong><br \/> Seg\u00fan la directiva de la UE, las cookies que requieren el consentimiento informado por parte del usuario son las cookies de anal\u00edtica y las de publicidad y afiliaci\u00f3n, quedando exceptuadas las de car\u00e1cter t\u00e9cnico y las necesarias para el funcionamiento del sitio web o la prestaci\u00f3n de servicios expresamente solicitados por el usuario.<\/p>\n<p><strong>TIPOS DE COOKIES SEG\u00daN LA FINALIDAD<\/strong><br \/> Cookies t\u00e9cnicas y funcionales: son aquellas que permiten al usuario la navegaci\u00f3n a trav\u00e9s de una p\u00e1gina web, plataforma o aplicaci\u00f3n y la utilizaci\u00f3n de las diferentes opciones o servicios que en ella existan.<br \/> Cookies anal\u00edticas: son aquellas que permiten al responsable de las mismas el seguimiento y an\u00e1lisis del comportamiento de los usuarios de los sitios web a los que est\u00e1n vinculadas. La informaci\u00f3n recogida mediante este tipo de cookies se utiliza en la medici\u00f3n de la actividad de los sitios web, aplicaci\u00f3n o plataforma y para la elaboraci\u00f3n de perfiles de navegaci\u00f3n de los usuarios de dichos sitios, aplicaciones y plataformas, con el fin de introducir mejoras en funci\u00f3n del an\u00e1lisis de los datos de uso que hacen los usuarios del servicio.<br \/> Cookies publicitarias: son aquellas que permiten la gesti\u00f3n, de la forma m\u00e1s eficaz posible, de los espacios publicitarios que, en su caso, el editor haya incluido en una p\u00e1gina web, aplicaci\u00f3n o plataforma desde la que presta el servicio solicitado en base a criterios como el contenido editado o la frecuencia en la que se muestran los anuncios.<br \/> Cookies de publicidad comportamental: recogen informaci\u00f3n sobre las preferencias y elecciones personales del usuario (retargeting) para permitir la gesti\u00f3n, de la forma m\u00e1s eficaz posible, de los espacios publicitarios que, en su caso, el editor haya incluido en una p\u00e1gina web, aplicaci\u00f3n o plataforma desde la que presta el servicio solicitado.<br \/> Cookies sociales: son establecidas por las plataformas de redes sociales en los servicios para permitirle compartir contenido con sus amigos y redes. Las plataformas de medios sociales tienen la capacidad de rastrear su actividad en l\u00ednea fuera de los Servicios. Esto puede afectar al contenido y los mensajes que ve en otros servicios que visita. Cookies de afiliados: permiten hacer un seguimiento de las visitas procedentes de otras webs, con las que el sitio web establece un contrato de afiliaci\u00f3n (empresas de afiliaci\u00f3n).<br \/> Cookies de seguridad: almacenan informaci\u00f3n cifrada para evitar que los datos guardados en ellas sean vulnerables a ataques maliciosos de terceros.<\/p>\n<p><strong>SEG\u00daN LA PROPIEDAD<\/strong><br \/> Cookies propias: son aquellas que se env\u00edan al equipo terminal del usuario desde un equipo o dominio gestionado por el propio editor y desde el que se presta el servicio solicitado por el usuario.<br \/> Cookies de terceros: son aquellas que se env\u00edan al equipo terminal del usuario desde un equipo o dominio que no es gestionado por el editor, sino por otra entidad que trata los datos obtenidos trav\u00e9s de las cookies.<\/p>\n<p><strong>SEG\u00daN EL PLAZO DE CONSERVACI\u00d3N<\/strong><br \/> Cookies de sesi\u00f3n: son un tipo de cookies dise\u00f1adas para recabar y almacenar datos mientras el usuario accede a una p\u00e1gina web.<br \/> Cookies persistentes: son un tipo de cookies en el que los datos siguen almacenados en el terminal y pueden ser accedidos y tratados durante un per\u00edodo definido por el responsable de la cookie, y que puede ir de unos minutos a varios a\u00f1os.<\/p>\n<p><strong>TRATAMIENTO DE DATOS PERSONALES<\/strong><br \/> OKINLUR, S.L. es el Responsable del tratamiento de los datos personales del Interesado y le informa de que estos datos ser\u00e1n tratados de conformidad con lo dispuesto en el Reglamento (UE) 2016\/679, de 27 de abril de 2016 (GDPR), por lo que se le facilita la siguiente informaci\u00f3n del tratamiento:<br \/> Fines del tratamiento: seg\u00fan se especifica en el apartado de cookies que se utilizan en este sitio web.<br \/> Legitimaci\u00f3n del tratamiento: por consentimiento del interesado (art. 6.1 GDPR).<br \/> Criterios de conservaci\u00f3n de los datos: seg\u00fan se especifica en el apartado de cookies utilizadas en la web.<br \/> Comunicaci\u00f3n de los datos: no se comunicar\u00e1n los datos a terceros, excepto en cookies propiedad de terceros o por obligaci\u00f3n legal.<br \/> Derechos que asisten al Interesado:<br \/> &#8211; Derecho a retirar el consentimiento en cualquier momento.<br \/> &#8211; Derecho de acceso, rectificaci\u00f3n, portabilidad y supresi\u00f3n de sus datos, y de limitaci\u00f3n u oposici\u00f3n a su tratamiento.<br \/> &#8211; Derecho a presentar una reclamaci\u00f3n ante la Autoridad de control (www.aepd.es) si considera que el tratamiento no se ajusta a la normativa vigente.<br \/> Datos de contacto para ejercer sus derechos:<br \/> OKINLUR, S.L.. AVENIDA DE LOS CHOPOS No 12 &#8211; 48992 GETXO (Bizkaia). E-mail: <a href=\"mailto:hotelartaza@hotelaratza.com\">hotelartaza@hotelaratza.com<\/a><\/p>\n<p><strong>COOKIES CONTROLADAS POR EL EDITOR<br \/> <\/strong>No se instalan cookies controladas por el editor<\/p>\n<p><strong>COOKIES DE TERCEROS<\/strong><br \/> Los servicios de terceros son ajenos al control del editor. Los proveedores pueden modificar en todo momento sus condiciones de servicio, finalidad y utilizaci\u00f3n de las cookies, etc.<br \/> Proveedores externos de este sitio web:<br \/> No se instalan cookies controladas por terceros<\/p>\n<p><strong>PANEL DE CONFIGURACI\u00d3N DE COOKIES<\/strong><br \/> Desde este panel podr\u00e1 configurar las cookies que el sitio web puede instalar en su navegador, excepto las cookies t\u00e9cnicas o funcionales que son necesarias para la navegaci\u00f3n y la utilizaci\u00f3n de las diferentes opciones o servicios que se ofrecen.<\/p>\n<p><strong>C\u00d3MO GESTIONAR LAS COOKIES DESDE EL NAVEGADOR<\/strong><br \/> <strong>Eliminar las cookies del dispositivo<\/strong><br \/> Las cookies que ya est\u00e1n en un dispositivo se pueden eliminar borrando el historial del navegador, con lo que se suprimen las cookies de todos los sitios web visitados.<br \/> Sin embargo, tambi\u00e9n se puede perder parte de la informaci\u00f3n guardada (por ejemplo, los datos de inicio de sesi\u00f3n o las preferencias de sitio web).<br \/> <strong>Gestionar las cookies espec\u00edficas del sitio<\/strong><br \/> Para tener un control m\u00e1s preciso de las cookies espec\u00edficas de cada sitio, los usuarios pueden ajustar su configuraci\u00f3n de privacidad y cookies en el navegador.<br \/> <strong>Bloquear las cookies<\/strong><br \/> Aunque la mayor\u00eda de los navegadores modernos se pueden configurar para evitar que se instalen cookies en los dispositivos, eso puede obligar al ajuste manual de determinadas preferencias cada vez que se visite un sitio o p\u00e1gina. Adem\u00e1s, algunos servicios y caracter\u00edsticas pueden no funcionar correctamente (por ejemplo, los inicios de sesi\u00f3n con perfil).<\/p>\n<p><strong>C\u00d3MO ELIMINAR LAS COOKIES DE LOS NAVEGADORES M\u00c1S COMUNES<\/strong><\/p>\n<p>Chrome<br \/> http:\/\/support.google.com\/chrome\/answer\/95647?hl=es<\/p>\n<p>Internet Explorer. Versi\u00f3n 11<br \/> https:\/\/support.microsoft.com\/es-es\/help\/278835\/how-to-delete-cookie-files-in-internet-explorer<br \/> Firefox. Versi\u00f3n 65.0.1<br \/> https:\/\/www.mozilla.org\/es-ES\/privacy\/websites\/#cookies<\/p>\n<p>Safari Versi\u00f3n 5.1<br \/> https:\/\/support.apple.com\/es-es\/guide\/safari\/sfri11471\/mac<\/p>\n<p>Opera<br \/> https:\/\/help.opera.com\/en\/latest\/security-and-privacy\/#clearBrowsingData<\/p>\n<p>[\/et_pb_text][\/et_pb_column][\/et_pb_row][\/et_pb_section]<\/p>\n","protected":false},"excerpt":{"rendered":"<p>Pol\u00edtica de Cookies INFORMACI\u00d3N SOBRE COOKIES Debido a la entrada en vigor de la referente modificaci\u00f3n de la \u00abLey de Servicios de la Sociedad de la Informaci\u00f3n\u00bb (LSSICE) establecida por el Real Decreto 13\/2012, es de obligaci\u00f3n obtener el consentimiento expreso del usuario de todas las p\u00e1ginas web que usan cookies prescindibles, antes de que [&hellip;]<\/p>\n","protected":false},"author":1,"featured_media":0,"parent":0,"menu_order":0,"comment_status":"closed","ping_status":"closed","template":"","meta":{"_et_pb_use_builder":"on","_et_pb_old_content":"<div class=\"cli_pg_page_contaner\">\n<h3>Sobre esta pol\u00edtica de cookies<\/h3>\n<div>Esta Pol\u00edtica de cookies explica qu\u00e9 son las cookies y c\u00f3mo las usamos, los tipos de cookies que usamos, es decir, la informaci\u00f3n que recopilamos usando cookies y c\u00f3mo se usa esa informaci\u00f3n, y c\u00f3mo controlar las preferencias de cookies. Para obtener m\u00e1s informaci\u00f3n sobre c\u00f3mo usamos, almacenamos y mantenemos seguros sus datos personales, consulte nuestra Pol\u00edtica de privacidad.\n\nEn cualquier momento puede cambiar o retirar su consentimiento de la Declaraci\u00f3n de cookies en nuestro sitio web.\n\nObtenga m\u00e1s informaci\u00f3n sobre qui\u00e9nes somos, c\u00f3mo puede comunicarse con nosotros y c\u00f3mo procesamos los datos personales en nuestra Pol\u00edtica de privacidad.\n\nSu consentimiento se aplica a los siguientes dominios:  dirkconsulting.com\n\n[user_consent_state]\n\n<\/div>\n<h3>What are cookies ?<\/h3>\n<div>Cookies are small text files that are used to store small pieces of information. They are stored on your device when the website is loaded on your browser. These cookies help us make the website function properly, make it more secure, provide better user experience, and understand how the website performs and to analyze what works and where it needs improvement.<\/div>\n<h3>How do we use cookies ?<\/h3>\n<div>As most of the online services, our website uses first-party and third-party cookies for several purposes. First-party cookies are mostly necessary for the website to function the right way, and they do not collect any of your personally identifiable data.\n\nThe third-party cookies used on our website are mainly for understanding how the website performs, how you interact with our website, keeping our services secure, providing advertisements that are relevant to you, and all in all providing you with a better and improved user experience and help speed up your future interactions with our website.\n\n<\/div>\n<h3>What types of cookies do we use ?<\/h3>\n<div>Essential: Some cookies are essential for you to be able to experience the full functionality of our site. They allow us to maintain user sessions and prevent any security threats. They do not collect or store any personal information. For example, these cookies allow you to log-in to your account and add products to your basket, and checkout securely.\n\nStatistics: These cookies store information like the number of visitors to the website, the number of unique visitors, which pages of the website have been visited, the source of the visit, etc. These data help us understand and analyze how well the website performs and where it needs improvement.\n\nMarketing: Our website displays advertisements. These cookies are used to personalize the advertisements that we show to you so that they are meaningful to you. These cookies also help us keep track of the efficiency of these ad campaigns.\nThe information stored in these cookies may also be used by the third-party ad providers to show you ads on other websites on the browser as well.\n\nFunctional: TThese are the cookies that help certain non-essential functionalities on our website. These functionalities include embedding content like videos or sharing content of the website on social media platforms.\n\nPreferences: These cookies help us store your settings and browsing preferences like language preferences so that you have a better and efficient experience on future visits to the website.\n[cookie_audit columns=\"cookie,description\" heading=\"The below list details the cookies used in our website.\"]\n\n<\/div>\n<h3>How can I control the cookie preferences ?<\/h3>\n<div>Should you decide to change your preferences later through your browsing session, you can click on the \"Privacy &amp; Cookie Policy\" tab on your screen. This will display the consent notice again enabling you to change your preferences or withdraw your consent entirely.\n\nIn addition to this, different browsers provide different methods to block and delete cookies used by websites. You can change the settings of your browser to block\/delete the cookies. To find out more about how to manage and delete cookies, visit wikipedia.org, www.allaboutcookies.org.\n\n<\/div>\n<\/div>","_et_gb_content_width":"","footnotes":""},"class_list":["post-1343","page","type-page","status-publish","hentry"],"yoast_head":"<!-- This site is optimized with the Yoast SEO plugin v24.0 - https:\/\/yoast.com\/wordpress\/plugins\/seo\/ -->\n<title>Cookies - Hotel Artaza<\/title>\n<meta name=\"robots\" content=\"index, follow, max-snippet:-1, max-image-preview:large, max-video-preview:-1\" \/>\n<link rel=\"canonical\" href=\"https:\/\/hotelartaza.com\/?page_id=1343\" \/>\n<meta property=\"og:locale\" content=\"es_ES\" \/>\n<meta property=\"og:type\" content=\"article\" \/>\n<meta property=\"og:title\" content=\"Cookies - Hotel Artaza\" \/>\n<meta property=\"og:description\" content=\"Pol\u00edtica de Cookies INFORMACI\u00d3N SOBRE COOKIES Debido a la entrada en vigor de la referente modificaci\u00f3n de la \u00abLey de Servicios de la Sociedad de la Informaci\u00f3n\u00bb (LSSICE) establecida por el Real Decreto 13\/2012, es de obligaci\u00f3n obtener el consentimiento expreso del usuario de todas las p\u00e1ginas web que usan cookies prescindibles, antes de que [&hellip;]\" \/>\n<meta property=\"og:url\" content=\"https:\/\/hotelartaza.com\/?page_id=1343\" \/>\n<meta property=\"og:site_name\" content=\"Hotel Artaza\" \/>\n<meta property=\"article:publisher\" content=\"https:\/\/www.facebook.com\/HotelArtaza\/\" \/>\n<meta property=\"article:modified_time\" content=\"2021-02-22T09:10:39+00:00\" \/>\n<meta name=\"twitter:card\" content=\"summary_large_image\" \/>\n<meta name=\"twitter:site\" content=\"@hotelartaza\" \/>\n<meta name=\"twitter:label1\" content=\"Tiempo de lectura\" \/>\n\t<meta name=\"twitter:data1\" content=\"7 minutos\" \/>\n<script type=\"application\/ld+json\" class=\"yoast-schema-graph\">{\"@context\":\"https:\/\/schema.org\",\"@graph\":[{\"@type\":\"WebPage\",\"@id\":\"https:\/\/hotelartaza.com\/?page_id=1343\",\"url\":\"https:\/\/hotelartaza.com\/?page_id=1343\",\"name\":\"Cookies - Hotel Artaza\",\"isPartOf\":{\"@id\":\"https:\/\/hotelartaza.com\/#website\"},\"datePublished\":\"2021-02-03T11:30:29+00:00\",\"dateModified\":\"2021-02-22T09:10:39+00:00\",\"breadcrumb\":{\"@id\":\"https:\/\/hotelartaza.com\/?page_id=1343#breadcrumb\"},\"inLanguage\":\"es\",\"potentialAction\":[{\"@type\":\"ReadAction\",\"target\":[\"https:\/\/hotelartaza.com\/?page_id=1343\"]}]},{\"@type\":\"BreadcrumbList\",\"@id\":\"https:\/\/hotelartaza.com\/?page_id=1343#breadcrumb\",\"itemListElement\":[{\"@type\":\"ListItem\",\"position\":1,\"name\":\"Portada\",\"item\":\"https:\/\/hotelartaza.com\/\"},{\"@type\":\"ListItem\",\"position\":2,\"name\":\"Cookies\"}]},{\"@type\":\"WebSite\",\"@id\":\"https:\/\/hotelartaza.com\/#website\",\"url\":\"https:\/\/hotelartaza.com\/\",\"name\":\"Hotel Artaza\",\"description\":\"Hotel Villa hist\u00f3rica en Getxo\",\"publisher\":{\"@id\":\"https:\/\/hotelartaza.com\/#organization\"},\"potentialAction\":[{\"@type\":\"SearchAction\",\"target\":{\"@type\":\"EntryPoint\",\"urlTemplate\":\"https:\/\/hotelartaza.com\/?s={search_term_string}\"},\"query-input\":{\"@type\":\"PropertyValueSpecification\",\"valueRequired\":true,\"valueName\":\"search_term_string\"}}],\"inLanguage\":\"es\"},{\"@type\":\"Organization\",\"@id\":\"https:\/\/hotelartaza.com\/#organization\",\"name\":\"Hotel Artaza\",\"url\":\"https:\/\/hotelartaza.com\/\",\"logo\":{\"@type\":\"ImageObject\",\"inLanguage\":\"es\",\"@id\":\"https:\/\/hotelartaza.com\/#\/schema\/logo\/image\/\",\"url\":\"https:\/\/hotelartaza.com\/wp-content\/uploads\/2021\/02\/logo-artaza-stroke-1.png\",\"contentUrl\":\"https:\/\/hotelartaza.com\/wp-content\/uploads\/2021\/02\/logo-artaza-stroke-1.png\",\"width\":186,\"height\":150,\"caption\":\"Hotel Artaza\"},\"image\":{\"@id\":\"https:\/\/hotelartaza.com\/#\/schema\/logo\/image\/\"},\"sameAs\":[\"https:\/\/www.facebook.com\/HotelArtaza\/\",\"https:\/\/x.com\/hotelartaza\",\"https:\/\/www.instagram.com\/artazahotel\/?hl=en\"]}]}<\/script>\n<!-- \/ Yoast SEO plugin. -->","yoast_head_json":{"title":"Cookies - Hotel Artaza","robots":{"index":"index","follow":"follow","max-snippet":"max-snippet:-1","max-image-preview":"max-image-preview:large","max-video-preview":"max-video-preview:-1"},"canonical":"https:\/\/hotelartaza.com\/?page_id=1343","og_locale":"es_ES","og_type":"article","og_title":"Cookies - Hotel Artaza","og_description":"Pol\u00edtica de Cookies INFORMACI\u00d3N SOBRE COOKIES Debido a la entrada en vigor de la referente modificaci\u00f3n de la \u00abLey de Servicios de la Sociedad de la Informaci\u00f3n\u00bb (LSSICE) establecida por el Real Decreto 13\/2012, es de obligaci\u00f3n obtener el consentimiento expreso del usuario de todas las p\u00e1ginas web que usan cookies prescindibles, antes de que [&hellip;]","og_url":"https:\/\/hotelartaza.com\/?page_id=1343","og_site_name":"Hotel Artaza","article_publisher":"https:\/\/www.facebook.com\/HotelArtaza\/","article_modified_time":"2021-02-22T09:10:39+00:00","twitter_card":"summary_large_image","twitter_site":"@hotelartaza","twitter_misc":{"Tiempo de lectura":"7 minutos"},"schema":{"@context":"https:\/\/schema.org","@graph":[{"@type":"WebPage","@id":"https:\/\/hotelartaza.com\/?page_id=1343","url":"https:\/\/hotelartaza.com\/?page_id=1343","name":"Cookies - Hotel Artaza","isPartOf":{"@id":"https:\/\/hotelartaza.com\/#website"},"datePublished":"2021-02-03T11:30:29+00:00","dateModified":"2021-02-22T09:10:39+00:00","breadcrumb":{"@id":"https:\/\/hotelartaza.com\/?page_id=1343#breadcrumb"},"inLanguage":"es","potentialAction":[{"@type":"ReadAction","target":["https:\/\/hotelartaza.com\/?page_id=1343"]}]},{"@type":"BreadcrumbList","@id":"https:\/\/hotelartaza.com\/?page_id=1343#breadcrumb","itemListElement":[{"@type":"ListItem","position":1,"name":"Portada","item":"https:\/\/hotelartaza.com\/"},{"@type":"ListItem","position":2,"name":"Cookies"}]},{"@type":"WebSite","@id":"https:\/\/hotelartaza.com\/#website","url":"https:\/\/hotelartaza.com\/","name":"Hotel Artaza","description":"Hotel Villa hist\u00f3rica en Getxo","publisher":{"@id":"https:\/\/hotelartaza.com\/#organization"},"potentialAction":[{"@type":"SearchAction","target":{"@type":"EntryPoint","urlTemplate":"https:\/\/hotelartaza.com\/?s={search_term_string}"},"query-input":{"@type":"PropertyValueSpecification","valueRequired":true,"valueName":"search_term_string"}}],"inLanguage":"es"},{"@type":"Organization","@id":"https:\/\/hotelartaza.com\/#organization","name":"Hotel Artaza","url":"https:\/\/hotelartaza.com\/","logo":{"@type":"ImageObject","inLanguage":"es","@id":"https:\/\/hotelartaza.com\/#\/schema\/logo\/image\/","url":"https:\/\/hotelartaza.com\/wp-content\/uploads\/2021\/02\/logo-artaza-stroke-1.png","contentUrl":"https:\/\/hotelartaza.com\/wp-content\/uploads\/2021\/02\/logo-artaza-stroke-1.png","width":186,"height":150,"caption":"Hotel Artaza"},"image":{"@id":"https:\/\/hotelartaza.com\/#\/schema\/logo\/image\/"},"sameAs":["https:\/\/www.facebook.com\/HotelArtaza\/","https:\/\/x.com\/hotelartaza","https:\/\/www.instagram.com\/artazahotel\/?hl=en"]}]}},"_links":{"self":[{"href":"https:\/\/hotelartaza.com\/index.php?rest_route=\/wp\/v2\/pages\/1343","targetHints":{"allow":["GET"]}}],"collection":[{"href":"https:\/\/hotelartaza.com\/index.php?rest_route=\/wp\/v2\/pages"}],"about":[{"href":"https:\/\/hotelartaza.com\/index.php?rest_route=\/wp\/v2\/types\/page"}],"author":[{"embeddable":true,"href":"https:\/\/hotelartaza.com\/index.php?rest_route=\/wp\/v2\/users\/1"}],"replies":[{"embeddable":true,"href":"https:\/\/hotelartaza.com\/index.php?rest_route=%2Fwp%2Fv2%2Fcomments&post=1343"}],"version-history":[{"count":5,"href":"https:\/\/hotelartaza.com\/index.php?rest_route=\/wp\/v2\/pages\/1343\/revisions"}],"predecessor-version":[{"id":1680,"href":"https:\/\/hotelartaza.com\/index.php?rest_route=\/wp\/v2\/pages\/1343\/revisions\/1680"}],"wp:attachment":[{"href":"https:\/\/hotelartaza.com\/index.php?rest_route=%2Fwp%2Fv2%2Fmedia&parent=1343"}],"curies":[{"name":"wp","href":"https:\/\/api.w.org\/{rel}","templated":true}]}}