{"id":1667,"date":"2021-02-22T08:58:41","date_gmt":"2021-02-22T08:58:41","guid":{"rendered":"http:\/\/hotelartaza.com\/?page_id=1667"},"modified":"2021-02-22T09:11:11","modified_gmt":"2021-02-22T09:11:11","slug":"aviso-legal","status":"publish","type":"page","link":"https:\/\/hotelartaza.com\/?page_id=1667","title":{"rendered":"Aviso legal"},"content":{"rendered":"<p>[et_pb_section fb_built=\u00bb1&#8243; _builder_version=\u00bb4.8.0&#8243; _module_preset=\u00bbdefault\u00bb][et_pb_row _builder_version=\u00bb4.8.0&#8243; _module_preset=\u00bbdefault\u00bb][et_pb_column type=\u00bb4_4&#8243; _builder_version=\u00bb4.8.0&#8243; _module_preset=\u00bbdefault\u00bb][et_pb_text _builder_version=\u00bb4.8.0&#8243; _module_preset=\u00bbdefault\u00bb hover_enabled=\u00bb0&#8243; sticky_enabled=\u00bb0&#8243;]<\/p>\n<h2>Aviso Legal<\/h2>\n<p>El presente aviso legal regula el uso del sitio web www.hotelartaza.com del que es titular la sociedad OKINLUR, S.L (en adelante, Hotel Artaza), con CIF:B48800817, inscripci\u00f3n en el Registro Mercantil de Bizkaia a Tomo 3315, Folio 129, Hoja BI-15.408 e Inscripci\u00f3n 1a y con domicilio social enCalle Artaza 4 , 48940 Leioa (Bizkaia).<br \/> La navegaci\u00f3n por el presente sitio web, atribuye la condici\u00f3n de usuario del mismo e implica la aceptaci\u00f3n plena y sin reservas de todas y cada una de las disposiciones incluidas en este Aviso Legal, que pueden sufrir modificaciones. El usuario se obliga a hacer un uso correcto del sitio web de conformidad con las leyes, la buena fe, el orden p\u00fablico, los usos del tr\u00e1fico y el presente Aviso Legal. El usuario responder\u00e1 frente al Hotel Artaza o frente a terceros, de cualesquier da\u00f1o y perjuicio que pudiera causar como consecuencia del incumplimiento de dicha obligaci\u00f3n.<\/p>\n<p><strong>2. CONDICIONES DE ACCESO, UTILIZACI\u00d3N Y PROPIEDAD INTELECTUAL O INDUSTRIAL<\/strong><br \/> El sitio web y sus servicios son de acceso libre y gratuito, no obstante, si se quiere solicitar servicios o informaci\u00f3n relativa a reservas de habitaciones, restaurante, banquetes, eventos, etc.., el Hotel Artaza ofrece la posibilidad de cumplimentar formularios especifios para ello. El usuario garantiza la autenticidad y actualidad de todos aquellos datos que comunique alHotel Artaza y ser\u00e1 el \u00fanico responsable de las manifestaciones falsas o inexactas que realice.<br \/> Asimismo, el usuario se compromete expresamente a hacer un uso adecuado de los contenidos y servicios del Hotel Artaza y a no emplearlos para, entre otros:<br \/> a) Difundir contenidos, delictivos, violentos, pornogr\u00e1ficos, racistas, xen\u00f3fobo, ofensivos, de apolog\u00eda del terrorismo o, en general, contrarios a la ley o al orden p\u00fablico.<br \/> b) Introducir en la red virus inform\u00e1ticos o realizar actuaciones susceptibles de alterar, estropear, interrumpir o generar errores o da\u00f1os en los documentos electr\u00f3nicos, datos o sistemas f\u00edsicos y l\u00f3gicos del Hotel Artaza o de terceras personas; as\u00ed como obstaculizar el acceso de otros usuarios al sitio web.<br \/> c) Intentar acceder a las cuentas de correo electr\u00f3nico de otros usuarios o a \u00e1reas restringidas de los sistemas inform\u00e1ticos del Hotel Artaza o de terceros y, en su caso, extraer informaci\u00f3n.<br \/> d) Vulnerar los derechos de propiedad intelectual o industrial, as\u00ed como violar la confidencialidad<br \/> de la informaci\u00f3n de Hotel Artaza o de terceros.<br \/> e) Suplantar la identidad de otro usuario, de las administraciones p\u00fablicas o de un tercero.<br \/> f) Reproducir, copiar, distribuir, poner a disposici\u00f3n o de cualquier otra forma comunicar p\u00fablicamente, transformar o modificar los contenidos, a menos que se cuente con la autorizaci\u00f3n del titular de los correspondientes derechos o ello resulte legalmente permitido.<br \/> g) Recabar datos con finalidad publicitaria y de remitir publicidad de cualquier clase y comunicaciones con fines de venta u otras de naturaleza comercial sin que medie su previa solicitud o consentimiento.<br \/> Asimismo el Hotel Artaza informa de que todos los contenidos del sitio web, como textos, fotograf\u00edas, gr\u00e1ficos, im\u00e1genes, iconos, tecnolog\u00eda, software, as\u00ed como su dise\u00f1o gr\u00e1fico y c\u00f3digos fuente, etc&#8230;constituyen una obra de su propiedad o de terceros, por lo que no pueden entenderse cedidos al usuario ninguno de los derechos de explotaci\u00f3n sobre los mismos m\u00e1s all\u00e1 de lo estrictamente necesario para el correcto uso de la web. De igual forma, todas las marcas, nombres comerciales o signos distintivos de cualquier clase que aparecen en el sitio web son propiedad del Hotel Aratza, sin que pueda entenderse que el uso o acceso al mismo atribuya al usuario derecho alguno sobre los mismos.<br \/> La distribuci\u00f3n, modificaci\u00f3n, cesi\u00f3n o comunicaci\u00f3n p\u00fablica de los contenidos y cualquier otro acto que no haya sido expresamente autorizado por el titular de los derechos de explotaci\u00f3n quedan prohibidos.<br \/> Hotel Artaza excluye, hasta donde permite el ordenamiento jur\u00eddico, cualquier tipo de responsabilidad por los da\u00f1os y perjuicios de toda naturaleza derivados de:<br \/> a) La imposibilidad de acceso al sitio web o la falta de veracidad, exactitud, exhaustividad y\/o actualidad de los contenidos, as\u00ed como la existencia de vicios y defectos de toda clase de los contenidos transmitidos, difundidos, almacenados, puestos a disposici\u00f3n a los que se haya accedido a trav\u00e9s del sitio web o de los servicios que se ofrecen.<br \/> b) La presencia de virus o de otros elementos en los contenidos que puedan producir alteraciones en los sistemas inform\u00e1ticos, documentos electr\u00f3nicos o datos de los usuarios.<br \/> c) El uso que cada usuario le d\u00e9 a los materiales puestos a disposici\u00f3n en este sitio web ni de las actuaciones que realice en base a los mismos.<br \/> d) La informaci\u00f3n publicada en su sitio web, siempre que esta informaci\u00f3n haya sido manipulada o introducida por un tercero ajeno al mismo.<br \/> e) El incumplimiento de las leyes, la buena fe, el orden p\u00fablico, los usos del tr\u00e1fico y el presente aviso legal como consecuencia del uso incorrecto del sitio web.<br \/> Este sitio web se ha revisado y probado para que funcione correctamente. En principio, puede garantizarse el correcto funcionamiento los 365 d\u00edas del a\u00f1o, 24 horas al d\u00eda. Sin embargo, el Hotel Artaza no descarta la posibilidad de que existan ciertos errores de programaci\u00f3n, o que acontezcan causas de fuerza mayor, cat\u00e1strofes naturales, huelgas o circunstancias semejantes que hagan imposible el acceso a la p\u00e1gina web.<\/p>\n<p><strong>3. POL\u00cdTICA DE LINKS O HIPERVINCULOS<\/strong><br \/> Desde el sitio web, es posible que se redirija a contenidos de terceros sitios web. Dado que elHotel Artaza, no puede controlar siempre los contenidos introducidos por terceros en sus respectivos sitios web, no asume ning\u00fan tipo de responsabilidad respecto a dichos contenidos. En todo caso, cuando tenga conocimiento, proceder\u00e1 a la retirada inmediata de cualquier contenido que pudiera contravenir la legislaci\u00f3n nacional o internacional, la moral o el orden p\u00fablico, procediendo a la retirada inmediata de la redirecci\u00f3n a dicho sitio web, poniendo en conocimiento de las autoridades competentes el contenido en cuesti\u00f3n.<br \/> Asimismo, el establecimiento de un enlace no implica en ning\u00fan caso la existencia de relaciones entre el Hotel Artaza y el propietario del sitio web en la que se establezca, ni la aceptaci\u00f3n y aprobaci\u00f3n por parte del Hotel Artaza de sus contenidos o servicios. Aquellas personas que se propongan establecer un enlace previamente deber\u00e1n solicitar autorizaci\u00f3n por escrito a el Hotel Artaza. En todo caso, el link o enlace \u00fanicamente permitir\u00e1 el acceso a la home-page o p\u00e1gina de inicio de nuestro sitio web.<\/p>\n<p><strong>4. DIRECCIONES DE IP<\/strong><br \/> Los servidores del sitio web podr\u00e1n detectar de manera autom\u00e1tica la direcci\u00f3n IP y el nombre de dominio utilizados por el usuario. Una direcci\u00f3n IP es un n\u00famero asignado autom\u00e1ticamente a un ordenador cuando este se conecta a Internet. Toda esta informaci\u00f3n se registra en un fichero de actividad del servidor debidamente inscrito que permite el posterior procesamiento de los datos con el fin de obtener mediciones \u00fanicamente estad\u00edsticas que permitan conocer el n\u00famero de impresiones de p\u00e1ginas, el n\u00famero de visitas realizadas a los servidores web, el orden de visitas, el punto de acceso, etc.<\/p>\n<p><strong>5. PROTECCI\u00d3N DE DATOS<\/strong><br \/> Para utilizar los formularios de contacto que aparecen en el presente sitio web, o realizar alg\u00fan tipo de reservas, los usuarios deben proporcionar previamente ciertos datos de car\u00e1cter personal. Para ello, el Hotel Artaza informa que tratar\u00e1 los Datos Personales siempre en cumplimiento con el Reglamento General de Protecci\u00f3n de Datos de Europa UE 679\/2016 y la Ley Org\u00e1nica 3\/2018 de 5 de diciembre (LOPDGDD). Para obtener m\u00e1s infromaci\u00f3n sobre el tratamiento de los datos, el usuario puede acceder a la pol\u00edtica de privacidad que aparece en el presente sitio Web.<\/p>\n<p><strong>6. POL\u00cdTICA DE COOKIES<\/strong><br \/> Este sitio web puede utilizar cookies t\u00e9cnicas (peque\u00f1os archivos de informaci\u00f3n que el servidor env\u00eda<br \/> al ordenador de quien accede a la p\u00e1gina) para llevar a cabo determinadas funciones que son consideradas imprescindibles para el correcto funcionamiento y visualizaci\u00f3n del sitio. Las cookies utilizadas tienen, en todo caso, car\u00e1cter temporal, con la \u00fanica finalidad de hacer m\u00e1s eficaz la navegaci\u00f3n, y desaparecen al terminar la sesi\u00f3n del usuario. En ning\u00fan caso, estas cookies proporcionan por s\u00ed mismas datos de car\u00e1cter personal y no se utilizar\u00e1n para la recogida de los mismos.<br \/> Mediante el uso de cookies tambi\u00e9n es posible que el servidor donde se encuentra la web reconozca el navegador utilizado por el usuario con la finalidad de que la navegaci\u00f3n sea m\u00e1s sencilla, permitiendo, por ejemplo, el acceso de los usuarios que se hayan registrado previamente a las \u00e1reas, servicios, promociones o concursos reservados exclusivamente a ellos sin tener que registrarse en cada visita. Tambi\u00e9n se pueden utilizar para medir la audiencia, par\u00e1metros de tr\u00e1fico, controlar el progreso y n\u00famero de entradas, etc., siendo en estos casos cookies prescindibles t\u00e9cnicamente, pero beneficiosas para el usuario. Este sitio web no instalar\u00e1 cookies prescindibles sin el consentimiento previo del usuario.<br \/> Este sitio web puede utilizar cookies propias y de terceros para fines anal\u00edticos y para mostrarle publicidad personalizada en base a un perfil elaborado a partir de sus h\u00e1bitos de navegaci\u00f3n (por ejemplo, p\u00e1ginas visitadas). A todo usuario que visita la web se le informa del uso de estas cookies mediante un banner flotante. En el caso de aceptar su uso, el banner desaparecer\u00e1, aunque en todo momento podr\u00e1 revocar el consentimiento y obtener m\u00e1s informaci\u00f3n consultando nuestra Pol\u00edtica de<\/p>\n<p><strong>7. FUERZA MAYOR<\/strong><br \/> El Hotel Artaza, no ser\u00e1 responsable en todo en caso de imposibilidad de prestar servicio, si \u00e9sta se debe a interrupciones prolongadas del suministro el\u00e9ctrico, l\u00edneas de telecomunicaciones, conflictos sociales, huelgas, rebeli\u00f3n, explosiones, inundaciones, actos y omisiones del Gobierno, y en general todos los supuestos de fuerza mayor o de caso fortuito.<\/p>\n<p><strong>8. LEY APLICABLE Y JURISDICCI\u00d3N<\/strong><br \/> Para la resoluci\u00f3n de todas las controversias o cuestiones relacionadas con el presente sitio web o de las actividades en \u00e9l desarrolladas, ser\u00e1 de aplicaci\u00f3n la legislaci\u00f3n espa\u00f1ola, a la que se someten expresamente las partes, siendo competentes para la resoluci\u00f3n de todos los conflictos derivados o relacionados con su uso los Juzgados y Tribunales m\u00e1s cercanos a Bizkaia.<\/p>\n<p>[\/et_pb_text][\/et_pb_column][\/et_pb_row][\/et_pb_section]<\/p>\n","protected":false},"excerpt":{"rendered":"<p>Aviso Legal El presente aviso legal regula el uso del sitio web www.hotelartaza.com del que es titular la sociedad OKINLUR, S.L (en adelante, Hotel Artaza), con CIF:B48800817, inscripci\u00f3n en el Registro Mercantil de Bizkaia a Tomo 3315, Folio 129, Hoja BI-15.408 e Inscripci\u00f3n 1a y con domicilio social enCalle Artaza 4 , 48940 Leioa (Bizkaia). [&hellip;]<\/p>\n","protected":false},"author":1,"featured_media":0,"parent":0,"menu_order":0,"comment_status":"closed","ping_status":"closed","template":"","meta":{"_et_pb_use_builder":"on","_et_pb_old_content":"","_et_gb_content_width":"","footnotes":""},"class_list":["post-1667","page","type-page","status-publish","hentry"],"yoast_head":"<!-- This site is optimized with the Yoast SEO plugin v24.0 - https:\/\/yoast.com\/wordpress\/plugins\/seo\/ -->\n<title>Aviso legal - Hotel Artaza<\/title>\n<meta name=\"robots\" content=\"index, follow, max-snippet:-1, max-image-preview:large, max-video-preview:-1\" \/>\n<link rel=\"canonical\" href=\"https:\/\/hotelartaza.com\/?page_id=1667\" \/>\n<meta property=\"og:locale\" content=\"es_ES\" \/>\n<meta property=\"og:type\" content=\"article\" \/>\n<meta property=\"og:title\" content=\"Aviso legal - Hotel Artaza\" \/>\n<meta property=\"og:description\" content=\"Aviso Legal El presente aviso legal regula el uso del sitio web www.hotelartaza.com del que es titular la sociedad OKINLUR, S.L (en adelante, Hotel Artaza), con CIF:B48800817, inscripci\u00f3n en el Registro Mercantil de Bizkaia a Tomo 3315, Folio 129, Hoja BI-15.408 e Inscripci\u00f3n 1a y con domicilio social enCalle Artaza 4 , 48940 Leioa (Bizkaia). [&hellip;]\" \/>\n<meta property=\"og:url\" content=\"https:\/\/hotelartaza.com\/?page_id=1667\" \/>\n<meta property=\"og:site_name\" content=\"Hotel Artaza\" \/>\n<meta property=\"article:publisher\" content=\"https:\/\/www.facebook.com\/HotelArtaza\/\" \/>\n<meta property=\"article:modified_time\" content=\"2021-02-22T09:11:11+00:00\" \/>\n<meta name=\"twitter:card\" content=\"summary_large_image\" \/>\n<meta name=\"twitter:site\" content=\"@hotelartaza\" \/>\n<meta name=\"twitter:label1\" content=\"Tiempo de lectura\" \/>\n\t<meta name=\"twitter:data1\" content=\"9 minutos\" \/>\n<script type=\"application\/ld+json\" class=\"yoast-schema-graph\">{\"@context\":\"https:\/\/schema.org\",\"@graph\":[{\"@type\":\"WebPage\",\"@id\":\"https:\/\/hotelartaza.com\/?page_id=1667\",\"url\":\"https:\/\/hotelartaza.com\/?page_id=1667\",\"name\":\"Aviso legal - Hotel Artaza\",\"isPartOf\":{\"@id\":\"https:\/\/hotelartaza.com\/#website\"},\"datePublished\":\"2021-02-22T08:58:41+00:00\",\"dateModified\":\"2021-02-22T09:11:11+00:00\",\"breadcrumb\":{\"@id\":\"https:\/\/hotelartaza.com\/?page_id=1667#breadcrumb\"},\"inLanguage\":\"es\",\"potentialAction\":[{\"@type\":\"ReadAction\",\"target\":[\"https:\/\/hotelartaza.com\/?page_id=1667\"]}]},{\"@type\":\"BreadcrumbList\",\"@id\":\"https:\/\/hotelartaza.com\/?page_id=1667#breadcrumb\",\"itemListElement\":[{\"@type\":\"ListItem\",\"position\":1,\"name\":\"Portada\",\"item\":\"https:\/\/hotelartaza.com\/\"},{\"@type\":\"ListItem\",\"position\":2,\"name\":\"Aviso legal\"}]},{\"@type\":\"WebSite\",\"@id\":\"https:\/\/hotelartaza.com\/#website\",\"url\":\"https:\/\/hotelartaza.com\/\",\"name\":\"Hotel Artaza\",\"description\":\"Hotel Villa hist\u00f3rica en Getxo\",\"publisher\":{\"@id\":\"https:\/\/hotelartaza.com\/#organization\"},\"potentialAction\":[{\"@type\":\"SearchAction\",\"target\":{\"@type\":\"EntryPoint\",\"urlTemplate\":\"https:\/\/hotelartaza.com\/?s={search_term_string}\"},\"query-input\":{\"@type\":\"PropertyValueSpecification\",\"valueRequired\":true,\"valueName\":\"search_term_string\"}}],\"inLanguage\":\"es\"},{\"@type\":\"Organization\",\"@id\":\"https:\/\/hotelartaza.com\/#organization\",\"name\":\"Hotel Artaza\",\"url\":\"https:\/\/hotelartaza.com\/\",\"logo\":{\"@type\":\"ImageObject\",\"inLanguage\":\"es\",\"@id\":\"https:\/\/hotelartaza.com\/#\/schema\/logo\/image\/\",\"url\":\"https:\/\/hotelartaza.com\/wp-content\/uploads\/2021\/02\/logo-artaza-stroke-1.png\",\"contentUrl\":\"https:\/\/hotelartaza.com\/wp-content\/uploads\/2021\/02\/logo-artaza-stroke-1.png\",\"width\":186,\"height\":150,\"caption\":\"Hotel Artaza\"},\"image\":{\"@id\":\"https:\/\/hotelartaza.com\/#\/schema\/logo\/image\/\"},\"sameAs\":[\"https:\/\/www.facebook.com\/HotelArtaza\/\",\"https:\/\/x.com\/hotelartaza\",\"https:\/\/www.instagram.com\/artazahotel\/?hl=en\"]}]}<\/script>\n<!-- \/ Yoast SEO plugin. -->","yoast_head_json":{"title":"Aviso legal - Hotel Artaza","robots":{"index":"index","follow":"follow","max-snippet":"max-snippet:-1","max-image-preview":"max-image-preview:large","max-video-preview":"max-video-preview:-1"},"canonical":"https:\/\/hotelartaza.com\/?page_id=1667","og_locale":"es_ES","og_type":"article","og_title":"Aviso legal - Hotel Artaza","og_description":"Aviso Legal El presente aviso legal regula el uso del sitio web www.hotelartaza.com del que es titular la sociedad OKINLUR, S.L (en adelante, Hotel Artaza), con CIF:B48800817, inscripci\u00f3n en el Registro Mercantil de Bizkaia a Tomo 3315, Folio 129, Hoja BI-15.408 e Inscripci\u00f3n 1a y con domicilio social enCalle Artaza 4 , 48940 Leioa (Bizkaia). [&hellip;]","og_url":"https:\/\/hotelartaza.com\/?page_id=1667","og_site_name":"Hotel Artaza","article_publisher":"https:\/\/www.facebook.com\/HotelArtaza\/","article_modified_time":"2021-02-22T09:11:11+00:00","twitter_card":"summary_large_image","twitter_site":"@hotelartaza","twitter_misc":{"Tiempo de lectura":"9 minutos"},"schema":{"@context":"https:\/\/schema.org","@graph":[{"@type":"WebPage","@id":"https:\/\/hotelartaza.com\/?page_id=1667","url":"https:\/\/hotelartaza.com\/?page_id=1667","name":"Aviso legal - Hotel Artaza","isPartOf":{"@id":"https:\/\/hotelartaza.com\/#website"},"datePublished":"2021-02-22T08:58:41+00:00","dateModified":"2021-02-22T09:11:11+00:00","breadcrumb":{"@id":"https:\/\/hotelartaza.com\/?page_id=1667#breadcrumb"},"inLanguage":"es","potentialAction":[{"@type":"ReadAction","target":["https:\/\/hotelartaza.com\/?page_id=1667"]}]},{"@type":"BreadcrumbList","@id":"https:\/\/hotelartaza.com\/?page_id=1667#breadcrumb","itemListElement":[{"@type":"ListItem","position":1,"name":"Portada","item":"https:\/\/hotelartaza.com\/"},{"@type":"ListItem","position":2,"name":"Aviso legal"}]},{"@type":"WebSite","@id":"https:\/\/hotelartaza.com\/#website","url":"https:\/\/hotelartaza.com\/","name":"Hotel Artaza","description":"Hotel Villa hist\u00f3rica en Getxo","publisher":{"@id":"https:\/\/hotelartaza.com\/#organization"},"potentialAction":[{"@type":"SearchAction","target":{"@type":"EntryPoint","urlTemplate":"https:\/\/hotelartaza.com\/?s={search_term_string}"},"query-input":{"@type":"PropertyValueSpecification","valueRequired":true,"valueName":"search_term_string"}}],"inLanguage":"es"},{"@type":"Organization","@id":"https:\/\/hotelartaza.com\/#organization","name":"Hotel Artaza","url":"https:\/\/hotelartaza.com\/","logo":{"@type":"ImageObject","inLanguage":"es","@id":"https:\/\/hotelartaza.com\/#\/schema\/logo\/image\/","url":"https:\/\/hotelartaza.com\/wp-content\/uploads\/2021\/02\/logo-artaza-stroke-1.png","contentUrl":"https:\/\/hotelartaza.com\/wp-content\/uploads\/2021\/02\/logo-artaza-stroke-1.png","width":186,"height":150,"caption":"Hotel Artaza"},"image":{"@id":"https:\/\/hotelartaza.com\/#\/schema\/logo\/image\/"},"sameAs":["https:\/\/www.facebook.com\/HotelArtaza\/","https:\/\/x.com\/hotelartaza","https:\/\/www.instagram.com\/artazahotel\/?hl=en"]}]}},"_links":{"self":[{"href":"https:\/\/hotelartaza.com\/index.php?rest_route=\/wp\/v2\/pages\/1667","targetHints":{"allow":["GET"]}}],"collection":[{"href":"https:\/\/hotelartaza.com\/index.php?rest_route=\/wp\/v2\/pages"}],"about":[{"href":"https:\/\/hotelartaza.com\/index.php?rest_route=\/wp\/v2\/types\/page"}],"author":[{"embeddable":true,"href":"https:\/\/hotelartaza.com\/index.php?rest_route=\/wp\/v2\/users\/1"}],"replies":[{"embeddable":true,"href":"https:\/\/hotelartaza.com\/index.php?rest_route=%2Fwp%2Fv2%2Fcomments&post=1667"}],"version-history":[{"count":3,"href":"https:\/\/hotelartaza.com\/index.php?rest_route=\/wp\/v2\/pages\/1667\/revisions"}],"predecessor-version":[{"id":1684,"href":"https:\/\/hotelartaza.com\/index.php?rest_route=\/wp\/v2\/pages\/1667\/revisions\/1684"}],"wp:attachment":[{"href":"https:\/\/hotelartaza.com\/index.php?rest_route=%2Fwp%2Fv2%2Fmedia&parent=1667"}],"curies":[{"name":"wp","href":"https:\/\/api.w.org\/{rel}","templated":true}]}}