{"id":1671,"date":"2021-02-22T09:00:29","date_gmt":"2021-02-22T09:00:29","guid":{"rendered":"http:\/\/hotelartaza.com\/?page_id=1671"},"modified":"2021-02-22T09:10:55","modified_gmt":"2021-02-22T09:10:55","slug":"politica-de-privacidad","status":"publish","type":"page","link":"https:\/\/hotelartaza.com\/?page_id=1671","title":{"rendered":"Pol\u00edtica de Privacidad"},"content":{"rendered":"<p>[et_pb_section fb_built=\u00bb1&#8243; _builder_version=\u00bb4.8.0&#8243; _module_preset=\u00bbdefault\u00bb][et_pb_row _builder_version=\u00bb4.8.0&#8243; _module_preset=\u00bbdefault\u00bb][et_pb_column type=\u00bb4_4&#8243; _builder_version=\u00bb4.8.0&#8243; _module_preset=\u00bbdefault\u00bb][et_pb_text _builder_version=\u00bb4.8.0&#8243; _module_preset=\u00bbdefault\u00bb hover_enabled=\u00bb0&#8243; sticky_enabled=\u00bb0&#8243;]<\/p>\n<h2>Pol\u00edtica de Privacidad<\/h2>\n<p>Okinlur S. L en adelante \u00abHotel Artaza\u00bb es una sociedad que vela por el cumplimiento de la legislaci\u00f3n vigente en materia de protecci\u00f3n de datos de car\u00e1cter personal y la Ley de Servicios de la Sociedad de la Informaci\u00f3n y Comercio Electr\u00f3nico. El objetivo de esta Pol\u00edtica es proteger la informaci\u00f3n en Internet, del mismo modo que es protegida en los dem\u00e1s medios.Hotel Artaza es titular del sitio web www.hotelartaza.com y expone en esta secci\u00f3n la Pol\u00edtica de Privacidad sobre la informaci\u00f3n de car\u00e1cter personal que el Usuario puede facilitar cuando visite nuestro sitio web.<\/p>\n<p><strong>Identidad del Responsable de los datos<\/strong><br \/> Hotel Artaza es el Responsable del tratamiento de los datos personales del Usuario y le informa de que estos datos ser\u00e1n tratados de conformidad con lo dispuesto en el Reglamento (UE) 2016\/679, de 27 de abril (GDPR), y la Ley Org\u00e1nica 3\/2018, de 5 de diciembre (LOPDGDD).<\/p>\n<p><strong>Principios aplicados en el tratamiento de datos:<\/strong><br \/> En el tratamiento de tus datos personales,Hotel Artaza, aplicar\u00e1 los siguientes principios que se ajustan a las exigencias del nuevo reglamento europeo de protecci\u00f3n de datos (RGPD):<br \/> Principio de Licitud, Lealtad y Transparencia:Hotel Artaza siempre requerir\u00e1 el consentimiento para el tratamiento de los datos personales que puede ser para uno o varios fines espec\u00edficos sobre los que el Responsable informar\u00e1 al Usuario previamente con absoluta transparencia. Principio de Minimizaci\u00f3n de Datos: Hotel Artaza como Responsable solicitar\u00e1 solo los datos estrictamente necesarios para el fin o los fines que los solicita.<br \/> Principio de Limitaci\u00f3n del Plazo de Conservaci\u00f3n: Hotel Artaza mantendr\u00e1 los datos personales recabados durante el tiempo estrictamente necesario para el fin o los fines deltratamiento. Asimismo, le informar\u00e1 del plazo de conservaci\u00f3n correspondiente seg\u00fan la finalidad.<br \/> Principio de Integridad y Confidencialidad: Los datos personales recabados ser\u00e1n tratados de tal manera que su seguridad, confidencialidad e integridad est\u00e9 garantizada<\/p>\n<p><strong>Finalidad del Tratamiento<\/strong><br \/> En el momento en el que el Usuario accede al Sitio Web y desea mantener una relaci\u00f3n comercial con Hotel Artaza se podr\u00e1n realizar las siguientes operaciones de tratamiento:<br \/> &#8211; La tramitaci\u00f3n de consultas, solicitudes de informaci\u00f3n realtiva a cualquier de los servicios que el Hotel Artaza proporciona o cualquier tipo de petici\u00f3n que sea realizada por el Usuario a trav\u00e9s del email de contacto, tel\u00e9fono o whatsapp.<br \/> &#8211; La realizaci\u00f3n de reservas de las distintas habitaciones o servicios que se facilitan por el hotel. Realizar estudios de mercado y an\u00e1lisis estad\u00edsticos.<br \/> &#8211; Recibir ofertas del Hotel Artaza cuando as\u00ed lo indique el Usuario interesado en el proceso de reserva<br \/> &#8211; La gesti\u00f3n de redes sociales. Hotel Artaza ha creado un perfil en las Redes Sociales que pueden incluir las siguientes operaciones:<br \/> &#8211; Tramitar solicitudes y consultas planteadas al Responsable -Interactuar a trav\u00e9s de los perfiles oficiales<\/p>\n<p><strong>Legitimaci\u00f3n de Tratamiento:<\/strong><br \/> El tratamiento puede estar legitimado de acuerdo a lo dispuesto en el art\u00edculo 6 del Reglamento (UE) 2016\/679, de 27 de abril (RGPD) de la siguiente forma:<br \/> a) Con el consentimiento del Usuario:<br \/> &#8211; El env\u00edo de las solicitudes de informaci\u00f3n remitidas al Responsable de la web del Hotel Artaza<br \/> &#8211; La realizaci\u00f3n de reservas de habitaciones u otros servicios que se pueden realizar a trav\u00e9s del sitio web.<br \/> &#8211; La interacci\u00f3n del Usuario con el Responsable a trav\u00e9s de las redes sociales. En este caso, el interesado ha prestado su consentimiento para el tratamiento de sus datos personales para uno o varios fines espec\u00edficos. El Usuario dispone de un perfil en la misma red social y ha decidido unirse a la red social del Hotel Artaza mostrando as\u00ed inter\u00e9s en la informaci\u00f3n que se publique en la misma, por tanto, en el momento de solicitar alg\u00fan servicio o seguir los perfilesoficiales, facilita su consentimiento para el tratamiento de aquellos datos personales publicados en su perfil. El Usuario puede acceder en todo momento a las pol\u00edticas de privacidad de la propia red social, as\u00ed como configurar su perfil para garantizar su privacidad.<br \/> &#8211; La navegaci\u00f3n de los Usuarios. El Responsable recoge otros datos no identificativos que se obtienen mediante el uso de cookies que se descargan en el ordenador deUl suario cuando navega por el sitio Web cuyas caracter\u00edsticas y finalidad est\u00e1n detaalldas en la Pol\u00edtica de Cookies y que el Usuario puede activar o desativar a su elecci\u00f3n.<br \/> b) Por inter\u00e9s leg\u00edtimo del Responsable:<br \/> &#8211; La realizaci\u00f3n de estudios de mercado<br \/> &#8211; La tramitaci\u00f3n y servicio posterior que se realice al Usuario si \u00e9ste finalmente se conviertiera en clienteo huesped del hotel.<\/p>\n<p><strong>Categoria de los Datos<\/strong><br \/> Los datos tratados a trav\u00e9s del presente sitio web dependiendo del servicio solicitado podr\u00e1n ser: Datos identificativos consistentes en; Nombre, Direcci\u00f3n, Tel\u00e9fono, direcci\u00f3n de correo electr\u00f3nico, Direcci\u00f3n IP, datos del n\u00famero de tarjeta (si se realizar\u00e1 alguna reserva)<\/p>\n<p><strong>Criterios de conservaci\u00f3n de los datos:<\/strong><br \/> Los datos que se facliten cuando se solicita informaci\u00f3n de alg\u00fan servicio se conservar\u00e1n para el cumplimiento de su solicitud y para el cumplimiento de las obligaciones legales. En cuanto a los datos que se conservan cuando se realizan reservas, se conservar\u00e1n mientras el Usuario\/Cliente no revoque el consentimiento prestado o durante no m\u00e1s tiempo del necesario para mantener el fin del tratamiento o existan prescripciones legales que dictaminen su custodia.<\/p>\n<p>Todos los datos una vez se hayan cumplido los plazos establecidos se suprimir\u00e1n con medidas de seguridad adecuadas para garantizar la anonimizaci\u00f3n de los datos o la destrucci\u00f3n total de los mismos<\/p>\n<p><strong>Destinatarios de los datos<\/strong><br \/> A los datos facilitados a trav\u00e9s del presente sitio web, en principio, no est\u00e1 prevista ninguna comunicaci\u00f3n de datos personales a terceros salvo, a aquellos los proveedores que acceden a informaci\u00f3n para prestar servicios al Hotel Artaza, tales como la empresa que gestiona el motor de reservas ( Intedocs Soluciones Digitales S.L), servicios de alojamiento web, herramientas de marketing y sistemas de contenido u otros profesionales, cuando dicha comunicaci\u00f3n sea necesaria legalmente, o para la ejecuci\u00f3n de servicios.<br \/> Asimismo si el Usuario consiente el tratamiento de las cookies de terceros, (cookies analiticas y de publicidad) habr\u00e1 cierta informaci\u00f3n a la que podr\u00e1n acceder empresas como Google Inc. compa\u00f1\u00eda de Delaware cuya oficina principal est\u00e1 en 1600 Amphitheatre Parkway, Mountain View (California), CA, 94043, Estados Unidos. M\u00e1s informaci\u00f3n en: https:\/\/analytics.google.com y <a href=\"https:\/\/www.google.com\/adsense\">https:\/\/www.google.com\/adsense<\/a><\/p>\n<p><strong>Derechos<\/strong><br \/> Informamos que como Uusario podr\u00e1 ejercer los siguientes derechos:<br \/> &#8211; Derecho de acceso a datos personales: Con este derecho podr\u00e1 conocer que datos est\u00e1n siendo objeto de tratamiento y las operaciones de tratamiento llevadas a cabo con ellos. Derecho de rectificaci\u00f3n de cualquier dato personal inexacto<br \/> &#8211; Derecho de supresi\u00f3n de los datos personales. Esta operaci\u00f3n se realizar\u00e1 en la medida de lo posible, siempre informando al Usuario.<br \/> &#8211; Derecho a solicitar la limitaci\u00f3n del tratamiento de los datos personales cuando la exactitud, la legalidad o la necesidad del tratamiento de los datos resulte dudosa, en cuyo caso, se podr\u00e1n conservar para el ejercicio o la defensa de reclamaciones<br \/> &#8211; Derecho a la portabilidad de sus datos personales<br \/> &#8211; Derecho de oposici\u00f3n al tratamiento de los datos personales.<br \/> &#8211; Derecho a revocar su consentimiento en cualquier momento.<br \/> &#8211; Derecho a presentar una reclamaci\u00f3n ante la autoridad de control (www.aepd.es) si como Usuario considera que el tratamiento realizado no se ajusta a la normativa vigente.<\/p>\n<p><strong>Menores<\/strong><br \/> Los menores de edad no podr\u00e1n usar los servicios disponibles a trav\u00e9s de la Web sin la previa autorizaci\u00f3n de sus padres, tutores o representantes legales, quienes ser\u00e1n los \u00fanicos responsables de todos los actos realizados a trav\u00e9s de la Web por los menores a su cargo, incluyendo la cumplimentaci\u00f3n de los formularios con los datos personales de dichos menores y la marcaci\u00f3n, en su caso, de las casillas que los acompa\u00f1an.<\/p>\n<p><strong>Medidas de Seguridad<\/strong><br \/> Los datos personales comunicados por el Usuario al Hotel Artaza, pueden ser almacenados en bases de datos automatizadas o no, cuya titularidad corresponde en exclusiva al Responsable, asumiendo \u00e9ste todas las medidas de \u00edndole t\u00e9cnica, organizativa y de seguridad que garantizan la confidencialidad, integridad y calidad de la informaci\u00f3n contenida en las mismas de acuerdo con lo establecido en la normativa vigente en protecci\u00f3n de datos.<br \/> La comunicaci\u00f3n entre los usuarios y el Hotel Artza utiliza un canal seguro, y los datos transmitidos son cifrados gracias a protocolos a https, por tanto, garantizamos las mejores condiciones de seguridad para que la confidencialidad de los usuarios est\u00e9 garantizada<\/p>\n<p>[\/et_pb_text][\/et_pb_column][\/et_pb_row][\/et_pb_section]<\/p>\n","protected":false},"excerpt":{"rendered":"<p>Pol\u00edtica de Privacidad Okinlur S. L en adelante \u00abHotel Artaza\u00bb es una sociedad que vela por el cumplimiento de la legislaci\u00f3n vigente en materia de protecci\u00f3n de datos de car\u00e1cter personal y la Ley de Servicios de la Sociedad de la Informaci\u00f3n y Comercio Electr\u00f3nico. El objetivo de esta Pol\u00edtica es proteger la informaci\u00f3n en [&hellip;]<\/p>\n","protected":false},"author":1,"featured_media":0,"parent":0,"menu_order":0,"comment_status":"closed","ping_status":"closed","template":"","meta":{"_et_pb_use_builder":"on","_et_pb_old_content":"","_et_gb_content_width":"","footnotes":""},"class_list":["post-1671","page","type-page","status-publish","hentry"],"yoast_head":"<!-- This site is optimized with the Yoast SEO plugin v24.0 - https:\/\/yoast.com\/wordpress\/plugins\/seo\/ -->\n<title>Pol\u00edtica de Privacidad - Hotel Artaza<\/title>\n<meta name=\"robots\" content=\"index, follow, max-snippet:-1, max-image-preview:large, max-video-preview:-1\" \/>\n<link rel=\"canonical\" href=\"https:\/\/hotelartaza.com\/?page_id=1671\" \/>\n<meta property=\"og:locale\" content=\"es_ES\" \/>\n<meta property=\"og:type\" content=\"article\" \/>\n<meta property=\"og:title\" content=\"Pol\u00edtica de Privacidad - Hotel Artaza\" \/>\n<meta property=\"og:description\" content=\"Pol\u00edtica de Privacidad Okinlur S. L en adelante &quot;Hotel Artaza&quot; es una sociedad que vela por el cumplimiento de la legislaci\u00f3n vigente en materia de protecci\u00f3n de datos de car\u00e1cter personal y la Ley de Servicios de la Sociedad de la Informaci\u00f3n y Comercio Electr\u00f3nico. El objetivo de esta Pol\u00edtica es proteger la informaci\u00f3n en [&hellip;]\" \/>\n<meta property=\"og:url\" content=\"https:\/\/hotelartaza.com\/?page_id=1671\" \/>\n<meta property=\"og:site_name\" content=\"Hotel Artaza\" \/>\n<meta property=\"article:publisher\" content=\"https:\/\/www.facebook.com\/HotelArtaza\/\" \/>\n<meta property=\"article:modified_time\" content=\"2021-02-22T09:10:55+00:00\" \/>\n<meta name=\"twitter:card\" content=\"summary_large_image\" \/>\n<meta name=\"twitter:site\" content=\"@hotelartaza\" \/>\n<meta name=\"twitter:label1\" content=\"Tiempo de lectura\" \/>\n\t<meta name=\"twitter:data1\" content=\"8 minutos\" \/>\n<script type=\"application\/ld+json\" class=\"yoast-schema-graph\">{\"@context\":\"https:\/\/schema.org\",\"@graph\":[{\"@type\":\"WebPage\",\"@id\":\"https:\/\/hotelartaza.com\/?page_id=1671\",\"url\":\"https:\/\/hotelartaza.com\/?page_id=1671\",\"name\":\"Pol\u00edtica de Privacidad - Hotel Artaza\",\"isPartOf\":{\"@id\":\"https:\/\/hotelartaza.com\/#website\"},\"datePublished\":\"2021-02-22T09:00:29+00:00\",\"dateModified\":\"2021-02-22T09:10:55+00:00\",\"breadcrumb\":{\"@id\":\"https:\/\/hotelartaza.com\/?page_id=1671#breadcrumb\"},\"inLanguage\":\"es\",\"potentialAction\":[{\"@type\":\"ReadAction\",\"target\":[\"https:\/\/hotelartaza.com\/?page_id=1671\"]}]},{\"@type\":\"BreadcrumbList\",\"@id\":\"https:\/\/hotelartaza.com\/?page_id=1671#breadcrumb\",\"itemListElement\":[{\"@type\":\"ListItem\",\"position\":1,\"name\":\"Portada\",\"item\":\"https:\/\/hotelartaza.com\/\"},{\"@type\":\"ListItem\",\"position\":2,\"name\":\"Pol\u00edtica de Privacidad\"}]},{\"@type\":\"WebSite\",\"@id\":\"https:\/\/hotelartaza.com\/#website\",\"url\":\"https:\/\/hotelartaza.com\/\",\"name\":\"Hotel Artaza\",\"description\":\"Hotel Villa hist\u00f3rica en Getxo\",\"publisher\":{\"@id\":\"https:\/\/hotelartaza.com\/#organization\"},\"potentialAction\":[{\"@type\":\"SearchAction\",\"target\":{\"@type\":\"EntryPoint\",\"urlTemplate\":\"https:\/\/hotelartaza.com\/?s={search_term_string}\"},\"query-input\":{\"@type\":\"PropertyValueSpecification\",\"valueRequired\":true,\"valueName\":\"search_term_string\"}}],\"inLanguage\":\"es\"},{\"@type\":\"Organization\",\"@id\":\"https:\/\/hotelartaza.com\/#organization\",\"name\":\"Hotel Artaza\",\"url\":\"https:\/\/hotelartaza.com\/\",\"logo\":{\"@type\":\"ImageObject\",\"inLanguage\":\"es\",\"@id\":\"https:\/\/hotelartaza.com\/#\/schema\/logo\/image\/\",\"url\":\"https:\/\/hotelartaza.com\/wp-content\/uploads\/2021\/02\/logo-artaza-stroke-1.png\",\"contentUrl\":\"https:\/\/hotelartaza.com\/wp-content\/uploads\/2021\/02\/logo-artaza-stroke-1.png\",\"width\":186,\"height\":150,\"caption\":\"Hotel Artaza\"},\"image\":{\"@id\":\"https:\/\/hotelartaza.com\/#\/schema\/logo\/image\/\"},\"sameAs\":[\"https:\/\/www.facebook.com\/HotelArtaza\/\",\"https:\/\/x.com\/hotelartaza\",\"https:\/\/www.instagram.com\/artazahotel\/?hl=en\"]}]}<\/script>\n<!-- \/ Yoast SEO plugin. -->","yoast_head_json":{"title":"Pol\u00edtica de Privacidad - Hotel Artaza","robots":{"index":"index","follow":"follow","max-snippet":"max-snippet:-1","max-image-preview":"max-image-preview:large","max-video-preview":"max-video-preview:-1"},"canonical":"https:\/\/hotelartaza.com\/?page_id=1671","og_locale":"es_ES","og_type":"article","og_title":"Pol\u00edtica de Privacidad - Hotel Artaza","og_description":"Pol\u00edtica de Privacidad Okinlur S. L en adelante \"Hotel Artaza\" es una sociedad que vela por el cumplimiento de la legislaci\u00f3n vigente en materia de protecci\u00f3n de datos de car\u00e1cter personal y la Ley de Servicios de la Sociedad de la Informaci\u00f3n y Comercio Electr\u00f3nico. El objetivo de esta Pol\u00edtica es proteger la informaci\u00f3n en [&hellip;]","og_url":"https:\/\/hotelartaza.com\/?page_id=1671","og_site_name":"Hotel Artaza","article_publisher":"https:\/\/www.facebook.com\/HotelArtaza\/","article_modified_time":"2021-02-22T09:10:55+00:00","twitter_card":"summary_large_image","twitter_site":"@hotelartaza","twitter_misc":{"Tiempo de lectura":"8 minutos"},"schema":{"@context":"https:\/\/schema.org","@graph":[{"@type":"WebPage","@id":"https:\/\/hotelartaza.com\/?page_id=1671","url":"https:\/\/hotelartaza.com\/?page_id=1671","name":"Pol\u00edtica de Privacidad - Hotel Artaza","isPartOf":{"@id":"https:\/\/hotelartaza.com\/#website"},"datePublished":"2021-02-22T09:00:29+00:00","dateModified":"2021-02-22T09:10:55+00:00","breadcrumb":{"@id":"https:\/\/hotelartaza.com\/?page_id=1671#breadcrumb"},"inLanguage":"es","potentialAction":[{"@type":"ReadAction","target":["https:\/\/hotelartaza.com\/?page_id=1671"]}]},{"@type":"BreadcrumbList","@id":"https:\/\/hotelartaza.com\/?page_id=1671#breadcrumb","itemListElement":[{"@type":"ListItem","position":1,"name":"Portada","item":"https:\/\/hotelartaza.com\/"},{"@type":"ListItem","position":2,"name":"Pol\u00edtica de Privacidad"}]},{"@type":"WebSite","@id":"https:\/\/hotelartaza.com\/#website","url":"https:\/\/hotelartaza.com\/","name":"Hotel Artaza","description":"Hotel Villa hist\u00f3rica en Getxo","publisher":{"@id":"https:\/\/hotelartaza.com\/#organization"},"potentialAction":[{"@type":"SearchAction","target":{"@type":"EntryPoint","urlTemplate":"https:\/\/hotelartaza.com\/?s={search_term_string}"},"query-input":{"@type":"PropertyValueSpecification","valueRequired":true,"valueName":"search_term_string"}}],"inLanguage":"es"},{"@type":"Organization","@id":"https:\/\/hotelartaza.com\/#organization","name":"Hotel Artaza","url":"https:\/\/hotelartaza.com\/","logo":{"@type":"ImageObject","inLanguage":"es","@id":"https:\/\/hotelartaza.com\/#\/schema\/logo\/image\/","url":"https:\/\/hotelartaza.com\/wp-content\/uploads\/2021\/02\/logo-artaza-stroke-1.png","contentUrl":"https:\/\/hotelartaza.com\/wp-content\/uploads\/2021\/02\/logo-artaza-stroke-1.png","width":186,"height":150,"caption":"Hotel Artaza"},"image":{"@id":"https:\/\/hotelartaza.com\/#\/schema\/logo\/image\/"},"sameAs":["https:\/\/www.facebook.com\/HotelArtaza\/","https:\/\/x.com\/hotelartaza","https:\/\/www.instagram.com\/artazahotel\/?hl=en"]}]}},"_links":{"self":[{"href":"https:\/\/hotelartaza.com\/index.php?rest_route=\/wp\/v2\/pages\/1671","targetHints":{"allow":["GET"]}}],"collection":[{"href":"https:\/\/hotelartaza.com\/index.php?rest_route=\/wp\/v2\/pages"}],"about":[{"href":"https:\/\/hotelartaza.com\/index.php?rest_route=\/wp\/v2\/types\/page"}],"author":[{"embeddable":true,"href":"https:\/\/hotelartaza.com\/index.php?rest_route=\/wp\/v2\/users\/1"}],"replies":[{"embeddable":true,"href":"https:\/\/hotelartaza.com\/index.php?rest_route=%2Fwp%2Fv2%2Fcomments&post=1671"}],"version-history":[{"count":3,"href":"https:\/\/hotelartaza.com\/index.php?rest_route=\/wp\/v2\/pages\/1671\/revisions"}],"predecessor-version":[{"id":1682,"href":"https:\/\/hotelartaza.com\/index.php?rest_route=\/wp\/v2\/pages\/1671\/revisions\/1682"}],"wp:attachment":[{"href":"https:\/\/hotelartaza.com\/index.php?rest_route=%2Fwp%2Fv2%2Fmedia&parent=1671"}],"curies":[{"name":"wp","href":"https:\/\/api.w.org\/{rel}","templated":true}]}}