{"id":2043,"date":"2021-03-04T11:35:30","date_gmt":"2021-03-04T11:35:30","guid":{"rendered":"https:\/\/hotelartaza.com\/?page_id=2043"},"modified":"2021-03-04T11:41:24","modified_gmt":"2021-03-04T11:41:24","slug":"contact","status":"publish","type":"page","link":"https:\/\/hotelartaza.com\/?page_id=2043&lang=fr","title":{"rendered":"Contact"},"content":{"rendered":"<p>[et_pb_section fb_built=\u00bb1&#8243; admin_label=\u00bbReach Us Section\u00bb _builder_version=\u00bb3.22&#8243; background_color=\u00bb#efe9e4&#8243; custom_padding=\u00bb90px||90px|\u00bb][et_pb_row admin_label=\u00bbReach Us Area\u00bb _builder_version=\u00bb3.25&#8243;][et_pb_column type=\u00bb4_4&#8243; _builder_version=\u00bb3.25&#8243; custom_padding=\u00bb|||\u00bb custom_padding__hover=\u00bb|||\u00bb][et_pb_text admin_label=\u00bbDatos de contacto\u00bb _builder_version=\u00bb4.8.0&#8243; header_font=\u00bb||||||||\u00bb header_2_font=\u00bbPoppins|600|||||||\u00bb header_2_text_align=\u00bbcenter\u00bb header_2_font_size=\u00bb36px\u00bb max_width=\u00bb550px\u00bb module_alignment=\u00bbcenter\u00bb custom_margin=\u00bb||0px|\u00bb animation_style=\u00bbfade\u00bb hover_enabled=\u00bb0&#8243; sticky_enabled=\u00bb0&#8243;]<\/p>\n<h2>Informations de contact<\/h2>\n<p>[\/et_pb_text][et_pb_divider color=\u00bb#555555&#8243; divider_position=\u00bbcenter\u00bb divider_weight=\u00bb3px\u00bb _builder_version=\u00bb4.8.0&#8243; max_width=\u00bb50px\u00bb module_alignment=\u00bbcenter\u00bb custom_margin=\u00bb||20px|\u00bb animation_style=\u00bbslide\u00bb animation_direction=\u00bbtop\u00bb animation_intensity_slide=\u00bb10%\u00bb animation_starting_opacity=\u00bb100%\u00bb][\/et_pb_divider][et_pb_text _builder_version=\u00bb4.8.0&#8243; text_font=\u00bbPoppins||||||||\u00bb text_font_size=\u00bb18px\u00bb text_line_height=\u00bb1.8em\u00bb text_orientation=\u00bbcenter\u00bb max_width=\u00bb550px\u00bb module_alignment=\u00bbcenter\u00bb animation_style=\u00bbfade\u00bb hover_enabled=\u00bb0&#8243; sticky_enabled=\u00bb0&#8243;]Vous pouvez nous contacter \u00e0 travers l\u2019un ou l\u2019autre des moyens ci-dessous ou en remplissant le formulaire.[\/et_pb_text][\/et_pb_column][\/et_pb_row][et_pb_row column_structure=\u00bb1_3,1_3,1_3&#8243; make_equal=\u00bbon\u00bb _builder_version=\u00bb4.8.0&#8243;][et_pb_column type=\u00bb1_3&#8243; _builder_version=\u00bb4.8.0&#8243; background_color=\u00bb#FFFFFF\u00bb custom_padding=\u00bb|||\u00bb custom_padding__hover=\u00bb|||\u00bb][et_pb_blurb title=\u00bbAdresse\u00bb use_icon=\u00bbon\u00bb font_icon=\u00bb%%249%%\u00bb icon_color=\u00bb#555555&#8243; use_icon_font_size=\u00bbon\u00bb icon_font_size=\u00bb32px\u00bb admin_label=\u00bbEmail\u00bb _builder_version=\u00bb4.8.0&#8243; header_font=\u00bbPoppins|600|||||||\u00bb header_font_size=\u00bb24px\u00bb body_font=\u00bbPoppins||||||||\u00bb body_font_size=\u00bb18px\u00bb body_line_height=\u00bb1.8em\u00bb background_enable_color=\u00bboff\u00bb text_orientation=\u00bbcenter\u00bb custom_padding=\u00bb60px|30px|60px|30px\u00bb hover_enabled=\u00bb0&#8243; sticky_enabled=\u00bb0&#8243;]Avda. Los Chopos 12, 48992, Getxo, Bizkaia[\/et_pb_blurb][\/et_pb_column][et_pb_column type=\u00bb1_3&#8243; _builder_version=\u00bb4.8.0&#8243; background_color=\u00bb#FFFFFF\u00bb custom_padding=\u00bb|||\u00bb custom_padding__hover=\u00bb|||\u00bb][et_pb_blurb title=\u00bbT\u00e9l\u00e9phone\u00bb use_icon=\u00bbon\u00bb font_icon=\u00bb%%264%%\u00bb icon_color=\u00bb#555555&#8243; use_icon_font_size=\u00bbon\u00bb icon_font_size=\u00bb32px\u00bb admin_label=\u00bbT\u00e9l\u00e9phone\u00bb _builder_version=\u00bb4.8.0&#8243; header_font=\u00bbPoppins|600|||||||\u00bb header_font_size=\u00bb24px\u00bb body_font=\u00bbPoppins||||||||\u00bb body_font_size=\u00bb18px\u00bb body_line_height=\u00bb1.8em\u00bb background_enable_color=\u00bboff\u00bb text_orientation=\u00bbcenter\u00bb custom_padding=\u00bb60px|30px|60px|30px\u00bb hover_enabled=\u00bb0&#8243; sticky_enabled=\u00bb0&#8243;]<a href=\"tel:+34944912852\">+34944912852<\/a>[\/et_pb_blurb][\/et_pb_column][et_pb_column type=\u00bb1_3&#8243; _builder_version=\u00bb4.8.0&#8243; background_color=\u00bb#FFFFFF\u00bb custom_padding=\u00bb|||\u00bb custom_padding__hover=\u00bb|||\u00bb][et_pb_blurb title=\u00bbEmail\u00bb use_icon=\u00bbon\u00bb font_icon=\u00bb%%238%%\u00bb icon_color=\u00bb#555555&#8243; use_icon_font_size=\u00bbon\u00bb icon_font_size=\u00bb32px\u00bb admin_label=\u00bbEmail\u00bb _builder_version=\u00bb4.8.0&#8243; header_font=\u00bbPoppins|600|||||||\u00bb header_font_size=\u00bb24px\u00bb body_font=\u00bbPoppins||||||||\u00bb body_font_size=\u00bb18px\u00bb body_line_height=\u00bb1.8em\u00bb background_enable_color=\u00bboff\u00bb text_orientation=\u00bbcenter\u00bb custom_padding=\u00bb60px|30px|60px|30px\u00bb hover_enabled=\u00bb0&#8243; sticky_enabled=\u00bb0&#8243;]<a href=\"mailto:hotelartaza@hotelartaza.com\">hotelartaza@hotelartaza.com<\/a>[\/et_pb_blurb][\/et_pb_column][\/et_pb_row][\/et_pb_section][et_pb_section fb_built=\u00bb1&#8243; fullwidth=\u00bbon\u00bb admin_label=\u00bbMap Section\u00bb _builder_version=\u00bb3.22&#8243;][et_pb_fullwidth_code _builder_version=\u00bb4.8.0&#8243; _module_preset=\u00bbdefault\u00bb]<iframe loading=\"lazy\" src=\"https:\/\/www.google.com\/maps\/embed?pb=!1m14!1m8!1m3!1d23215.512959478798!2d-3.002379!3d43.336463!3m2!1i1024!2i768!4f13.1!3m3!1m2!1s0x0%3A0x22ae8ed4fcfa9658!2sHotel%20Artaza!5e0!3m2!1sen!2suk!4v1611228926434!5m2!1sen!2suk\" width=\"100%\" height=\"450\" frameborder=\"0\" style=\"border:0;\" allowfullscreen=\"\" aria-hidden=\"false\" tabindex=\"0\"><\/iframe>[\/et_pb_fullwidth_code][\/et_pb_section][et_pb_section fb_built=\u00bb1&#8243; admin_label=\u00bbFormulario\u00bb module_id=\u00bbform\u00bb _builder_version=\u00bb4.8.0&#8243; background_color=\u00bb#1e1d1c\u00bb custom_padding=\u00bb90px||90px|\u00bb][et_pb_row admin_label=\u00bbFormulario\u00bb _builder_version=\u00bb4.8.0&#8243; custom_padding=\u00bb||10px|\u00bb][et_pb_column type=\u00bb4_4&#8243; _builder_version=\u00bb3.25&#8243; custom_padding=\u00bb|||\u00bb custom_padding__hover=\u00bb|||\u00bb][et_pb_text admin_label=\u00bbEstamos para ayudarte\u00bb _builder_version=\u00bb4.8.0&#8243; text_font=\u00bb||||||||\u00bb header_font=\u00bb||||||||\u00bb header_2_font=\u00bbPoppins|600|||||||\u00bb header_2_font_size=\u00bb36px\u00bb header_2_line_height=\u00bb1.2em\u00bb text_orientation=\u00bbcenter\u00bb background_layout=\u00bbdark\u00bb max_width=\u00bb550px\u00bb module_alignment=\u00bbcenter\u00bb custom_margin=\u00bb||0px|\u00bb animation_style=\u00bbfade\u00bb hover_enabled=\u00bb0&#8243; locked=\u00bboff\u00bb sticky_enabled=\u00bb0&#8243;]<\/p>\n<h2>Nous sommes l\u00e0 pour vous aider<\/h2>\n<p>[\/et_pb_text][et_pb_divider color=\u00bb#555555&#8243; divider_position=\u00bbcenter\u00bb divider_weight=\u00bb3px\u00bb _builder_version=\u00bb4.8.0&#8243; max_width=\u00bb50px\u00bb module_alignment=\u00bbcenter\u00bb custom_margin=\u00bb||20px|\u00bb animation_style=\u00bbslide\u00bb animation_intensity_slide=\u00bb10%\u00bb animation_starting_opacity=\u00bb100%\u00bb locked=\u00bboff\u00bb][\/et_pb_divider][et_pb_text _builder_version=\u00bb4.8.0&#8243; text_font=\u00bbPoppins||||||||\u00bb text_text_color=\u00bbrgba(255,255,255,0.68)\u00bb text_font_size=\u00bb18px\u00bb text_line_height=\u00bb1.8em\u00bb header_font=\u00bb||||||||\u00bb text_orientation=\u00bbcenter\u00bb max_width=\u00bb550px\u00bb module_alignment=\u00bbcenter\u00bb custom_margin=\u00bb|||\u00bb custom_padding=\u00bb|||\u00bb animation_style=\u00bbfade\u00bb hover_enabled=\u00bb0&#8243; locked=\u00bboff\u00bb sticky_enabled=\u00bb0&#8243;]Remplissez ce formulaire et nous vous contacterons dans les plus brefs d\u00e9lais.[\/et_pb_text][\/et_pb_column][\/et_pb_row][et_pb_row admin_label=\u00bbFormulario\u00bb _builder_version=\u00bb4.8.0&#8243; custom_margin=\u00bb20px|||\u00bb][et_pb_column type=\u00bb4_4&#8243; _builder_version=\u00bb3.25&#8243; custom_padding=\u00bb|||\u00bb custom_padding__hover=\u00bb|||\u00bb][et_pb_contact_form captcha=\u00bboff\u00bb email=\u00bbhotelartaza@hotelartaza.com\u00bb success_message=\u00bbNous vous remercions d\u2019avoir rempli le formulaire\u00bb module_id=\u00bbet_pb_contact_form_0&#8243; _builder_version=\u00bb4.8.0&#8243; title_font=\u00bb||||||||\u00bb form_field_font=\u00bbPoppins||||||||\u00bb form_field_font_size=\u00bb16px\u00bb custom_button=\u00bbon\u00bb button_text_size=\u00bb14px\u00bb button_text_color=\u00bb#ffffff\u00bb button_bg_color=\u00bb#555555&#8243; button_border_width=\u00bb8px\u00bb button_border_color=\u00bb#555555&#8243; button_border_radius=\u00bb0px\u00bb button_letter_spacing=\u00bb2px\u00bb button_font=\u00bbPoppins|600||on|||||\u00bb button_icon=\u00bb%%3%%\u00bb max_width=\u00bb750px\u00bb module_alignment=\u00bbcenter\u00bb animation_style=\u00bbfade\u00bb hover_enabled=\u00bb0&#8243; button_letter_spacing_hover=\u00bb2px\u00bb sticky_enabled=\u00bb0&#8243;][et_pb_contact_field field_id=\u00bbPr\u00e9nom\u00bb field_title=\u00bbPr\u00e9nom\u00bb _builder_version=\u00bb4.8.0&#8243; hover_enabled=\u00bb0&#8243; button_text_size__hover_enabled=\u00bboff\u00bb button_one_text_size__hover_enabled=\u00bboff\u00bb button_two_text_size__hover_enabled=\u00bboff\u00bb button_text_color__hover_enabled=\u00bboff\u00bb button_one_text_color__hover_enabled=\u00bboff\u00bb button_two_text_color__hover_enabled=\u00bboff\u00bb button_border_width__hover_enabled=\u00bboff\u00bb button_one_border_width__hover_enabled=\u00bboff\u00bb button_two_border_width__hover_enabled=\u00bboff\u00bb button_border_color__hover_enabled=\u00bboff\u00bb button_one_border_color__hover_enabled=\u00bboff\u00bb button_two_border_color__hover_enabled=\u00bboff\u00bb button_border_radius__hover_enabled=\u00bboff\u00bb button_one_border_radius__hover_enabled=\u00bboff\u00bb button_two_border_radius__hover_enabled=\u00bboff\u00bb button_letter_spacing__hover_enabled=\u00bboff\u00bb button_one_letter_spacing__hover_enabled=\u00bboff\u00bb button_two_letter_spacing__hover_enabled=\u00bboff\u00bb button_bg_color__hover_enabled=\u00bboff\u00bb button_one_bg_color__hover_enabled=\u00bboff\u00bb button_two_bg_color__hover_enabled=\u00bboff\u00bb sticky_enabled=\u00bb0&#8243;][\/et_pb_contact_field][et_pb_contact_field field_id=\u00bbNom\u00bb field_title=\u00bbNom\u00bb _builder_version=\u00bb4.8.0&#8243; hover_enabled=\u00bb0&#8243; button_text_size__hover_enabled=\u00bboff\u00bb button_one_text_size__hover_enabled=\u00bboff\u00bb button_two_text_size__hover_enabled=\u00bboff\u00bb button_text_color__hover_enabled=\u00bboff\u00bb button_one_text_color__hover_enabled=\u00bboff\u00bb button_two_text_color__hover_enabled=\u00bboff\u00bb button_border_width__hover_enabled=\u00bboff\u00bb button_one_border_width__hover_enabled=\u00bboff\u00bb button_two_border_width__hover_enabled=\u00bboff\u00bb button_border_color__hover_enabled=\u00bboff\u00bb button_one_border_color__hover_enabled=\u00bboff\u00bb button_two_border_color__hover_enabled=\u00bboff\u00bb button_border_radius__hover_enabled=\u00bboff\u00bb button_one_border_radius__hover_enabled=\u00bboff\u00bb button_two_border_radius__hover_enabled=\u00bboff\u00bb button_letter_spacing__hover_enabled=\u00bboff\u00bb button_one_letter_spacing__hover_enabled=\u00bboff\u00bb button_two_letter_spacing__hover_enabled=\u00bboff\u00bb button_bg_color__hover_enabled=\u00bboff\u00bb button_one_bg_color__hover_enabled=\u00bboff\u00bb button_two_bg_color__hover_enabled=\u00bboff\u00bb sticky_enabled=\u00bb0&#8243;][\/et_pb_contact_field][et_pb_contact_field field_id=\u00bbEmail\u00bb field_title=\u00bbEmail\u00bb field_type=\u00bbemail\u00bb _builder_version=\u00bb4.8.0&#8243; button_text_size__hover_enabled=\u00bboff\u00bb button_one_text_size__hover_enabled=\u00bboff\u00bb button_two_text_size__hover_enabled=\u00bboff\u00bb button_text_color__hover_enabled=\u00bboff\u00bb button_one_text_color__hover_enabled=\u00bboff\u00bb button_two_text_color__hover_enabled=\u00bboff\u00bb button_border_width__hover_enabled=\u00bboff\u00bb button_one_border_width__hover_enabled=\u00bboff\u00bb button_two_border_width__hover_enabled=\u00bboff\u00bb button_border_color__hover_enabled=\u00bboff\u00bb button_one_border_color__hover_enabled=\u00bboff\u00bb button_two_border_color__hover_enabled=\u00bboff\u00bb button_border_radius__hover_enabled=\u00bboff\u00bb button_one_border_radius__hover_enabled=\u00bboff\u00bb button_two_border_radius__hover_enabled=\u00bboff\u00bb button_letter_spacing__hover_enabled=\u00bboff\u00bb button_one_letter_spacing__hover_enabled=\u00bboff\u00bb button_two_letter_spacing__hover_enabled=\u00bboff\u00bb button_bg_color__hover_enabled=\u00bboff\u00bb button_one_bg_color__hover_enabled=\u00bboff\u00bb button_two_bg_color__hover_enabled=\u00bboff\u00bb][\/et_pb_contact_field][et_pb_contact_field field_id=\u00bbService\u00bb field_title=\u00bbService\u00bb field_type=\u00bbselect\u00bb select_options=\u00bb%91{%22value%22:%22H\u00f4tel%22,%22checked%22:0,%22dragID%22:-1},{%22value%22:%22Le restaurant%22,%22checked%22:0,%22dragID%22:0},{%22value%22:%22Mariage%22,%22checked%22:0,%22dragID%22:1},{%22value%22:%22Communions%22,%22checked%22:0,%22dragID%22:2},{%22value%22:%22Autres%22,%22checked%22:0,%22dragID%22:3}%93&#8243; _builder_version=\u00bb4.8.0&#8243; hover_enabled=\u00bb0&#8243; button_text_size__hover_enabled=\u00bboff\u00bb button_one_text_size__hover_enabled=\u00bboff\u00bb button_two_text_size__hover_enabled=\u00bboff\u00bb button_text_color__hover_enabled=\u00bboff\u00bb button_one_text_color__hover_enabled=\u00bboff\u00bb button_two_text_color__hover_enabled=\u00bboff\u00bb button_border_width__hover_enabled=\u00bboff\u00bb button_one_border_width__hover_enabled=\u00bboff\u00bb button_two_border_width__hover_enabled=\u00bboff\u00bb button_border_color__hover_enabled=\u00bboff\u00bb button_one_border_color__hover_enabled=\u00bboff\u00bb button_two_border_color__hover_enabled=\u00bboff\u00bb button_border_radius__hover_enabled=\u00bboff\u00bb button_one_border_radius__hover_enabled=\u00bboff\u00bb button_two_border_radius__hover_enabled=\u00bboff\u00bb button_letter_spacing__hover_enabled=\u00bboff\u00bb button_one_letter_spacing__hover_enabled=\u00bboff\u00bb button_two_letter_spacing__hover_enabled=\u00bboff\u00bb button_bg_color__hover_enabled=\u00bboff\u00bb button_one_bg_color__hover_enabled=\u00bboff\u00bb button_two_bg_color__hover_enabled=\u00bboff\u00bb sticky_enabled=\u00bb0&#8243;][\/et_pb_contact_field][et_pb_contact_field field_id=\u00bbMessage\u00bb field_title=\u00bbMessage\u00bb field_type=\u00bbtext\u00bb fullwidth_field=\u00bbon\u00bb _builder_version=\u00bb4.8.0&#8243; hover_enabled=\u00bb0&#8243; button_text_size__hover_enabled=\u00bboff\u00bb button_one_text_size__hover_enabled=\u00bboff\u00bb button_two_text_size__hover_enabled=\u00bboff\u00bb button_text_color__hover_enabled=\u00bboff\u00bb button_one_text_color__hover_enabled=\u00bboff\u00bb button_two_text_color__hover_enabled=\u00bboff\u00bb button_border_width__hover_enabled=\u00bboff\u00bb button_one_border_width__hover_enabled=\u00bboff\u00bb button_two_border_width__hover_enabled=\u00bboff\u00bb button_border_color__hover_enabled=\u00bboff\u00bb button_one_border_color__hover_enabled=\u00bboff\u00bb button_two_border_color__hover_enabled=\u00bboff\u00bb button_border_radius__hover_enabled=\u00bboff\u00bb button_one_border_radius__hover_enabled=\u00bboff\u00bb button_two_border_radius__hover_enabled=\u00bboff\u00bb button_letter_spacing__hover_enabled=\u00bboff\u00bb button_one_letter_spacing__hover_enabled=\u00bboff\u00bb button_two_letter_spacing__hover_enabled=\u00bboff\u00bb button_bg_color__hover_enabled=\u00bboff\u00bb button_one_bg_color__hover_enabled=\u00bboff\u00bb button_two_bg_color__hover_enabled=\u00bboff\u00bb sticky_enabled=\u00bb0&#8243;][\/et_pb_contact_field][et_pb_contact_field field_id=\u00bbPol\u00edtica_de_privacidad\u00bb field_title=\u00bbPolitique de Confidentialit\u00e9\u00bb field_type=\u00bbcheckbox\u00bb checkbox_options=\u00bb%91{%22value%22:%22Accepter la Politique de Confidentialit\u00e9%22,%22checked%22:0,%22dragID%22:-1}%93&#8243; fullwidth_field=\u00bbon\u00bb _builder_version=\u00bb4.8.0&#8243; _module_preset=\u00bbdefault\u00bb form_field_text_color=\u00bb#9e9494&#8243; form_field_focus_background_color=\u00bb#FFFFFF\u00bb form_field_focus_text_color=\u00bb#9e9494&#8243; background_enable_color=\u00bboff\u00bb hover_enabled=\u00bb0&#8243; sticky_enabled=\u00bb0&#8243;][\/et_pb_contact_field][\/et_pb_contact_form][et_pb_text _builder_version=\u00bb4.8.0&#8243; _module_preset=\u00bbdefault\u00bb text_font_size=\u00bb12px\u00bb text_orientation=\u00bbcenter\u00bb background_layout=\u00bbdark\u00bb max_width=\u00bb750px\u00bb module_alignment=\u00bbcenter\u00bb hover_enabled=\u00bb0&#8243; sticky_enabled=\u00bb0&#8243;]OKINLUR, S.L. est le responsable du traitement des donn\u00e9es personnelles que vous avez consenti \u00e0 nous fournir et vous informe que ces donn\u00e9es seront trait\u00e9es conform\u00e9ment aux dispositions du R\u00e8glement (UE)206\/679, du 27 avril (RGPD), et de la Loi organique 3\/2018, du 5 d\u00e9cembre (LOPDGDD), dans le but de maintenir une relation commerciale (par int\u00e9r\u00eat du responsable, art.6.1.f du RGPD). Sauf obligations l\u00e9gales, les donn\u00e9es NE SERONT PAS CONSERV\u00c9ES au-del\u00e0 du temps n\u00e9cessaire \u00e0 l\u2019atteinte de la finalit\u00e9 du traitement et ne seront pas communiqu\u00e9es \u00e0 des tiers. De m\u00eame, vous \u00eates inform\u00e9 que vous pouvez exercer les droits d\u2019acc\u00e8s, rectification, portabilit\u00e9 et effacement de vos donn\u00e9es, et de limitation et opposition \u00e0 leur traitement, en vous adressant \u00e0 OKINLUR, S.L., AVENIDA DE LOS CHOPOS N\u00ba12-48992 GETXO(Bizkaia &#8211; Espagne) ou par email : hotelartaza@hotelartaza.com et que vous avez aussi le droit d\u2019adresser une r\u00e9clamation \u00e0 www.aepd.es[\/et_pb_text][\/et_pb_column][\/et_pb_row][\/et_pb_section]<\/p>\n","protected":false},"excerpt":{"rendered":"<p>Informations de contactVous pouvez nous contacter \u00e0 travers l\u2019un ou l\u2019autre des moyens ci-dessous ou en remplissant le formulaire.Avda. Los Chopos 12, 48992, Getxo, Bizkaia+34944912852hotelartaza@hotelartaza.comNous sommes l\u00e0 pour vous aiderRemplissez ce formulaire et nous vous contacterons dans les plus brefs d\u00e9lais.OKINLUR, S.L. est le responsable du traitement des donn\u00e9es personnelles que vous avez consenti \u00e0 [&hellip;]<\/p>\n","protected":false},"author":1,"featured_media":0,"parent":0,"menu_order":0,"comment_status":"closed","ping_status":"closed","template":"","meta":{"_et_pb_use_builder":"on","_et_pb_old_content":"","_et_gb_content_width":"","footnotes":""},"class_list":["post-2043","page","type-page","status-publish","hentry"],"yoast_head":"<!-- This site is optimized with the Yoast SEO plugin v24.0 - https:\/\/yoast.com\/wordpress\/plugins\/seo\/ -->\n<title>Contact - Hotel Artaza<\/title>\n<meta name=\"robots\" content=\"index, follow, max-snippet:-1, max-image-preview:large, max-video-preview:-1\" \/>\n<link rel=\"canonical\" href=\"https:\/\/hotelartaza.com\/?page_id=2043\" \/>\n<meta property=\"og:locale\" content=\"es_ES\" \/>\n<meta property=\"og:type\" content=\"article\" \/>\n<meta property=\"og:title\" content=\"Contact - Hotel Artaza\" \/>\n<meta property=\"og:description\" content=\"Informations de contactVous pouvez nous contacter \u00e0 travers l\u2019un ou l\u2019autre des moyens ci-dessous ou en remplissant le formulaire.Avda. Los Chopos 12, 48992, Getxo, Bizkaia+34944912852hotelartaza@hotelartaza.comNous sommes l\u00e0 pour vous aiderRemplissez ce formulaire et nous vous contacterons dans les plus brefs d\u00e9lais.OKINLUR, S.L. est le responsable du traitement des donn\u00e9es personnelles que vous avez consenti \u00e0 [&hellip;]\" \/>\n<meta property=\"og:url\" content=\"https:\/\/hotelartaza.com\/?page_id=2043&amp;lang=fr\" \/>\n<meta property=\"og:site_name\" content=\"Hotel Artaza\" \/>\n<meta property=\"article:publisher\" content=\"https:\/\/www.facebook.com\/HotelArtaza\/\" \/>\n<meta property=\"article:modified_time\" content=\"2021-03-04T11:41:24+00:00\" \/>\n<meta name=\"twitter:card\" content=\"summary_large_image\" \/>\n<meta name=\"twitter:site\" content=\"@hotelartaza\" \/>\n<meta name=\"twitter:label1\" content=\"Tiempo de lectura\" \/>\n\t<meta name=\"twitter:data1\" content=\"10 minutos\" \/>\n<script type=\"application\/ld+json\" class=\"yoast-schema-graph\">{\"@context\":\"https:\/\/schema.org\",\"@graph\":[{\"@type\":\"WebPage\",\"@id\":\"https:\/\/hotelartaza.com\/?page_id=2043&lang=fr\",\"url\":\"https:\/\/hotelartaza.com\/?page_id=2043&lang=fr\",\"name\":\"Contact - Hotel Artaza\",\"isPartOf\":{\"@id\":\"https:\/\/hotelartaza.com\/#website\"},\"datePublished\":\"2021-03-04T11:35:30+00:00\",\"dateModified\":\"2021-03-04T11:41:24+00:00\",\"breadcrumb\":{\"@id\":\"https:\/\/hotelartaza.com\/?page_id=2043&lang=fr#breadcrumb\"},\"inLanguage\":\"es\",\"potentialAction\":[{\"@type\":\"ReadAction\",\"target\":[\"https:\/\/hotelartaza.com\/?page_id=2043&lang=fr\"]}]},{\"@type\":\"BreadcrumbList\",\"@id\":\"https:\/\/hotelartaza.com\/?page_id=2043&lang=fr#breadcrumb\",\"itemListElement\":[{\"@type\":\"ListItem\",\"position\":1,\"name\":\"Portada\",\"item\":\"https:\/\/hotelartaza.com\/\"},{\"@type\":\"ListItem\",\"position\":2,\"name\":\"Contact\"}]},{\"@type\":\"WebSite\",\"@id\":\"https:\/\/hotelartaza.com\/#website\",\"url\":\"https:\/\/hotelartaza.com\/\",\"name\":\"Hotel Artaza\",\"description\":\"Hotel Villa hist\u00f3rica en Getxo\",\"publisher\":{\"@id\":\"https:\/\/hotelartaza.com\/#organization\"},\"potentialAction\":[{\"@type\":\"SearchAction\",\"target\":{\"@type\":\"EntryPoint\",\"urlTemplate\":\"https:\/\/hotelartaza.com\/?s={search_term_string}\"},\"query-input\":{\"@type\":\"PropertyValueSpecification\",\"valueRequired\":true,\"valueName\":\"search_term_string\"}}],\"inLanguage\":\"es\"},{\"@type\":\"Organization\",\"@id\":\"https:\/\/hotelartaza.com\/#organization\",\"name\":\"Hotel Artaza\",\"url\":\"https:\/\/hotelartaza.com\/\",\"logo\":{\"@type\":\"ImageObject\",\"inLanguage\":\"es\",\"@id\":\"https:\/\/hotelartaza.com\/#\/schema\/logo\/image\/\",\"url\":\"https:\/\/hotelartaza.com\/wp-content\/uploads\/2021\/02\/logo-artaza-stroke-1.png\",\"contentUrl\":\"https:\/\/hotelartaza.com\/wp-content\/uploads\/2021\/02\/logo-artaza-stroke-1.png\",\"width\":186,\"height\":150,\"caption\":\"Hotel Artaza\"},\"image\":{\"@id\":\"https:\/\/hotelartaza.com\/#\/schema\/logo\/image\/\"},\"sameAs\":[\"https:\/\/www.facebook.com\/HotelArtaza\/\",\"https:\/\/x.com\/hotelartaza\",\"https:\/\/www.instagram.com\/artazahotel\/?hl=en\"]}]}<\/script>\n<!-- \/ Yoast SEO plugin. -->","yoast_head_json":{"title":"Contact - Hotel Artaza","robots":{"index":"index","follow":"follow","max-snippet":"max-snippet:-1","max-image-preview":"max-image-preview:large","max-video-preview":"max-video-preview:-1"},"canonical":"https:\/\/hotelartaza.com\/?page_id=2043","og_locale":"es_ES","og_type":"article","og_title":"Contact - Hotel Artaza","og_description":"Informations de contactVous pouvez nous contacter \u00e0 travers l\u2019un ou l\u2019autre des moyens ci-dessous ou en remplissant le formulaire.Avda. Los Chopos 12, 48992, Getxo, Bizkaia+34944912852hotelartaza@hotelartaza.comNous sommes l\u00e0 pour vous aiderRemplissez ce formulaire et nous vous contacterons dans les plus brefs d\u00e9lais.OKINLUR, S.L. est le responsable du traitement des donn\u00e9es personnelles que vous avez consenti \u00e0 [&hellip;]","og_url":"https:\/\/hotelartaza.com\/?page_id=2043&lang=fr","og_site_name":"Hotel Artaza","article_publisher":"https:\/\/www.facebook.com\/HotelArtaza\/","article_modified_time":"2021-03-04T11:41:24+00:00","twitter_card":"summary_large_image","twitter_site":"@hotelartaza","twitter_misc":{"Tiempo de lectura":"10 minutos"},"schema":{"@context":"https:\/\/schema.org","@graph":[{"@type":"WebPage","@id":"https:\/\/hotelartaza.com\/?page_id=2043&lang=fr","url":"https:\/\/hotelartaza.com\/?page_id=2043&lang=fr","name":"Contact - Hotel Artaza","isPartOf":{"@id":"https:\/\/hotelartaza.com\/#website"},"datePublished":"2021-03-04T11:35:30+00:00","dateModified":"2021-03-04T11:41:24+00:00","breadcrumb":{"@id":"https:\/\/hotelartaza.com\/?page_id=2043&lang=fr#breadcrumb"},"inLanguage":"es","potentialAction":[{"@type":"ReadAction","target":["https:\/\/hotelartaza.com\/?page_id=2043&lang=fr"]}]},{"@type":"BreadcrumbList","@id":"https:\/\/hotelartaza.com\/?page_id=2043&lang=fr#breadcrumb","itemListElement":[{"@type":"ListItem","position":1,"name":"Portada","item":"https:\/\/hotelartaza.com\/"},{"@type":"ListItem","position":2,"name":"Contact"}]},{"@type":"WebSite","@id":"https:\/\/hotelartaza.com\/#website","url":"https:\/\/hotelartaza.com\/","name":"Hotel Artaza","description":"Hotel Villa hist\u00f3rica en Getxo","publisher":{"@id":"https:\/\/hotelartaza.com\/#organization"},"potentialAction":[{"@type":"SearchAction","target":{"@type":"EntryPoint","urlTemplate":"https:\/\/hotelartaza.com\/?s={search_term_string}"},"query-input":{"@type":"PropertyValueSpecification","valueRequired":true,"valueName":"search_term_string"}}],"inLanguage":"es"},{"@type":"Organization","@id":"https:\/\/hotelartaza.com\/#organization","name":"Hotel Artaza","url":"https:\/\/hotelartaza.com\/","logo":{"@type":"ImageObject","inLanguage":"es","@id":"https:\/\/hotelartaza.com\/#\/schema\/logo\/image\/","url":"https:\/\/hotelartaza.com\/wp-content\/uploads\/2021\/02\/logo-artaza-stroke-1.png","contentUrl":"https:\/\/hotelartaza.com\/wp-content\/uploads\/2021\/02\/logo-artaza-stroke-1.png","width":186,"height":150,"caption":"Hotel Artaza"},"image":{"@id":"https:\/\/hotelartaza.com\/#\/schema\/logo\/image\/"},"sameAs":["https:\/\/www.facebook.com\/HotelArtaza\/","https:\/\/x.com\/hotelartaza","https:\/\/www.instagram.com\/artazahotel\/?hl=en"]}]}},"_links":{"self":[{"href":"https:\/\/hotelartaza.com\/index.php?rest_route=\/wp\/v2\/pages\/2043","targetHints":{"allow":["GET"]}}],"collection":[{"href":"https:\/\/hotelartaza.com\/index.php?rest_route=\/wp\/v2\/pages"}],"about":[{"href":"https:\/\/hotelartaza.com\/index.php?rest_route=\/wp\/v2\/types\/page"}],"author":[{"embeddable":true,"href":"https:\/\/hotelartaza.com\/index.php?rest_route=\/wp\/v2\/users\/1"}],"replies":[{"embeddable":true,"href":"https:\/\/hotelartaza.com\/index.php?rest_route=%2Fwp%2Fv2%2Fcomments&post=2043"}],"version-history":[{"count":2,"href":"https:\/\/hotelartaza.com\/index.php?rest_route=\/wp\/v2\/pages\/2043\/revisions"}],"predecessor-version":[{"id":2047,"href":"https:\/\/hotelartaza.com\/index.php?rest_route=\/wp\/v2\/pages\/2043\/revisions\/2047"}],"wp:attachment":[{"href":"https:\/\/hotelartaza.com\/index.php?rest_route=%2Fwp%2Fv2%2Fmedia&parent=2043"}],"curies":[{"name":"wp","href":"https:\/\/api.w.org\/{rel}","templated":true}]}}